{"id":5540,"date":"2023-09-25T17:28:05","date_gmt":"2023-09-25T17:28:05","guid":{"rendered":"http:\/\/www.rotulosamichi.com\/?page_id=5540"},"modified":"2023-11-14T10:38:58","modified_gmt":"2023-11-14T10:38:58","slug":"rotulacion-vehiculos","status":"publish","type":"page","link":"https:\/\/www.rotulosamichi.com\/index.php\/rotulacion-vehiculos\/","title":{"rendered":"Rotulaci\u00f3n Veh\u00edculos"},"content":{"rendered":"<section class=\"wpb-content-wrapper\"><p>[vc_row][vc_column]\n\t\t\t<!-- START Veh\u00edculos REVOLUTION SLIDER 6.6.12 --><p class=\"rs-p-wp-fix\"><\/p>\n\t\t\t<rs-module-wrap id=\"rev_slider_10_1_wrapper\" data-source=\"gallery\" style=\"visibility:hidden;background:#ffffff;padding:0;\">\n\t\t\t\t<rs-module id=\"rev_slider_10_1\" style=\"\" data-version=\"6.6.12\">\n\t\t\t\t\t<rs-slides style=\"overflow: hidden; position: absolute;\">\n\t\t\t\t\t\t<rs-slide style=\"position: absolute;\" data-key=\"rs-33\" data-title=\"Slide\" data-thumb=\"\/\/www.rotulosamichi.com\/wp-content\/uploads\/2023\/09\/rotulacion_vehiculo_corte-100x50.jpg\" data-in=\"o:0;\" data-out=\"a:false;\">\n\t\t\t\t\t\t\t<img decoding=\"async\" src=\"\/\/www.rotulosamichi.com\/wp-content\/plugins\/revslider\/public\/assets\/assets\/dummy.png\" alt=\"\" title=\"rotulacion_vehiculo_corte\" width=\"2200\" height=\"1466\" class=\"rev-slidebg tp-rs-img rs-lazyload\" data-lazyload=\"\/\/www.rotulosamichi.com\/wp-content\/uploads\/2023\/09\/rotulacion_vehiculo_corte.jpg\" data-parallax=\"7\" data-no-retina>\n<!--\n\t\t\t\t\t\t\t--><rs-layer\n\t\t\t\t\t\t\t\tid=\"slider-10-slide-33-layer-3\" \n\t\t\t\t\t\t\t\tdata-type=\"text\"\n\t\t\t\t\t\t\t\tdata-color=\"#000000\"\n\t\t\t\t\t\t\t\tdata-rsp_ch=\"on\"\n\t\t\t\t\t\t\t\tdata-xy=\"y:m;yo:-46px,-45px,-10px,-36px;\"\n\t\t\t\t\t\t\t\tdata-text=\"w:normal;s:95,85,75,46;l:77,80,70,45;fw:600;a:inherit;\"\n\t\t\t\t\t\t\t\tdata-dim=\"w:403px,359px,312px,197px;h:86px,85px,auto,46px;\"\n\t\t\t\t\t\t\t\tdata-padding=\"r:4,5,5,5;b:4,5,5,5;l:4,5,5,5;\"\n\t\t\t\t\t\t\t\tdata-frame_0=\"x:175%;o:1;\"\n\t\t\t\t\t\t\t\tdata-frame_0_mask=\"u:t;x:-100%;\"\n\t\t\t\t\t\t\t\tdata-frame_1=\"e:power3.out;st:600;sp:1200;sR:600;\"\n\t\t\t\t\t\t\t\tdata-frame_1_mask=\"u:t;\"\n\t\t\t\t\t\t\t\tdata-frame_999=\"st:w;sp:1000;sR:2200;auto:true;\"\n\t\t\t\t\t\t\t\tdata-frame_999_mask=\"u:t;\"\n\t\t\t\t\t\t\t\tstyle=\"z-index:9;background-color:#ffffff;font-family:'Barlow Condensed';text-transform:uppercase;\"\n\t\t\t\t\t\t\t>veh\u00edculos \n\t\t\t\t\t\t\t<\/rs-layer><!--\n\n\t\t\t\t\t\t\t--><rs-layer\n\t\t\t\t\t\t\t\tid=\"slider-10-slide-33-layer-4\" \n\t\t\t\t\t\t\t\tdata-type=\"text\"\n\t\t\t\t\t\t\t\tdata-color=\"#000000\"\n\t\t\t\t\t\t\t\tdata-rsp_ch=\"on\"\n\t\t\t\t\t\t\t\tdata-xy=\"y:m;yo:-146px,-135px,-90px,-91px;\"\n\t\t\t\t\t\t\t\tdata-text=\"w:normal;s:95,85,75,46;l:90,80,70,45;fw:600;a:inherit;\"\n\t\t\t\t\t\t\t\tdata-dim=\"w:446px,403px,355px,224px;h:auto,84px,73px,47px;\"\n\t\t\t\t\t\t\t\tdata-padding=\"r:5;b:3;l:5;\"\n\t\t\t\t\t\t\t\tdata-frame_0=\"x:175%;o:1;\"\n\t\t\t\t\t\t\t\tdata-frame_0_mask=\"u:t;x:-100%;\"\n\t\t\t\t\t\t\t\tdata-frame_1=\"e:power3.out;st:400;sp:1200;sR:400;\"\n\t\t\t\t\t\t\t\tdata-frame_1_mask=\"u:t;\"\n\t\t\t\t\t\t\t\tdata-frame_999=\"st:w;sp:1000;sR:2400;auto:true;\"\n\t\t\t\t\t\t\t\tdata-frame_999_mask=\"u:t;\"\n\t\t\t\t\t\t\t\tstyle=\"z-index:8;background-color:#ffffff;font-family:'Barlow Condensed';text-transform:uppercase;\"\n\t\t\t\t\t\t\t>rotulaci\u00f3n \n\t\t\t\t\t\t\t<\/rs-layer><!--\n\n\t\t\t\t\t\t\t--><rs-layer\n\t\t\t\t\t\t\t\tid=\"slider-10-slide-33-layer-5\" \n\t\t\t\t\t\t\t\tdata-type=\"text\"\n\t\t\t\t\t\t\t\tdata-color=\"#000000\"\n\t\t\t\t\t\t\t\tdata-rsp_ch=\"on\"\n\t\t\t\t\t\t\t\tdata-xy=\"xo:0,0,0,-1px;y:m;yo:56px,46px,71px,21px;\"\n\t\t\t\t\t\t\t\tdata-text=\"w:normal;s:95,85,75,45;l:90,80,70,45;fw:600;a:inherit;\"\n\t\t\t\t\t\t\t\tdata-dim=\"w:588px,515px,464px,280px;h:95px,82px,75px,51px;\"\n\t\t\t\t\t\t\t\tdata-padding=\"r:5;b:5;l:5;\"\n\t\t\t\t\t\t\t\tdata-frame_0=\"x:175%;o:1;\"\n\t\t\t\t\t\t\t\tdata-frame_0_mask=\"u:t;x:-100%;\"\n\t\t\t\t\t\t\t\tdata-frame_1=\"e:power3.out;st:750;sp:1200;sR:750;\"\n\t\t\t\t\t\t\t\tdata-frame_1_mask=\"u:t;\"\n\t\t\t\t\t\t\t\tdata-frame_999=\"st:w;sp:1000;sR:2050;auto:true;\"\n\t\t\t\t\t\t\t\tdata-frame_999_mask=\"u:t;\"\n\t\t\t\t\t\t\t\tstyle=\"z-index:10;background-color:#ffffff;font-family:'Barlow Condensed';text-transform:uppercase;\"\n\t\t\t\t\t\t\t>vinilo de corte \n\t\t\t\t\t\t\t<\/rs-layer><!--\n\n\t\t\t\t\t\t\t--><rs-layer\n\t\t\t\t\t\t\t\tid=\"slider-10-slide-33-layer-7\" \n\t\t\t\t\t\t\t\tdata-type=\"text\"\n\t\t\t\t\t\t\t\tdata-xy=\"y:m;yo:168px,154px,173px,109px;\"\n\t\t\t\t\t\t\t\tdata-text=\"l:22;a:inherit;\"\n\t\t\t\t\t\t\t\tdata-rsp_o=\"off\"\n\t\t\t\t\t\t\t\tdata-rsp_bd=\"off\"\n\t\t\t\t\t\t\t\tdata-frame_0=\"x:175%;o:1;\"\n\t\t\t\t\t\t\t\tdata-frame_0_mask=\"u:t;x:-100%;\"\n\t\t\t\t\t\t\t\tdata-frame_1=\"e:power3.out;st:900;sp:1200;sR:900;\"\n\t\t\t\t\t\t\t\tdata-frame_1_mask=\"u:t;\"\n\t\t\t\t\t\t\t\tdata-frame_999=\"st:w;sp:1000;sR:1900;auto:true;\"\n\t\t\t\t\t\t\t\tdata-frame_999_mask=\"u:t;\"\n\t\t\t\t\t\t\t\tstyle=\"z-index:11;font-family:'Roboto';\"\n\t\t\t\t\t\t\t><a class=\"qodef-shortcode qodef-m  qodef-button qodef-layout--filled \" href=\"http:\/\/www.rotulosamichi.com\/index.php\/contacto\/\" target=\"_self\"  >\n\t<span class=\"qodef-m-text\">Contacto_<\/span>\n<\/a> \n\t\t\t\t\t\t\t<\/rs-layer><!--\n-->\t\t\t\t\t\t<\/rs-slide>\n\t\t\t\t\t\t<rs-slide style=\"position: absolute;\" data-key=\"rs-31\" data-title=\"Slide\" data-thumb=\"\/\/www.rotulosamichi.com\/wp-content\/uploads\/2023\/09\/rotulacion_vehiculo_digital-100x50.jpg\" data-in=\"o:0;\" data-out=\"a:false;\">\n\t\t\t\t\t\t\t<img decoding=\"async\" src=\"\/\/www.rotulosamichi.com\/wp-content\/plugins\/revslider\/public\/assets\/assets\/dummy.png\" alt=\"\" title=\"rotulacion_vehiculo_digital\" width=\"2200\" height=\"1466\" class=\"rev-slidebg tp-rs-img rs-lazyload\" data-lazyload=\"\/\/www.rotulosamichi.com\/wp-content\/uploads\/2023\/09\/rotulacion_vehiculo_digital.jpg\" data-parallax=\"7\" data-no-retina>\n<!--\n\t\t\t\t\t\t\t--><rs-layer\n\t\t\t\t\t\t\t\tid=\"slider-10-slide-31-layer-3\" \n\t\t\t\t\t\t\t\tdata-type=\"text\"\n\t\t\t\t\t\t\t\tdata-color=\"#000000\"\n\t\t\t\t\t\t\t\tdata-rsp_ch=\"on\"\n\t\t\t\t\t\t\t\tdata-xy=\"y:m;yo:-46px,-45px,-10px,-36px;\"\n\t\t\t\t\t\t\t\tdata-text=\"w:normal;s:95,85,75,46;l:77,80,70,45;fw:600;a:inherit;\"\n\t\t\t\t\t\t\t\tdata-dim=\"w:410px,351px,314px,197px;h:86px,85px,auto,46px;\"\n\t\t\t\t\t\t\t\tdata-padding=\"r:4,5,5,5;b:4,5,5,5;l:4,5,5,5;\"\n\t\t\t\t\t\t\t\tdata-frame_0=\"x:175%;o:1;\"\n\t\t\t\t\t\t\t\tdata-frame_0_mask=\"u:t;x:-100%;\"\n\t\t\t\t\t\t\t\tdata-frame_1=\"e:power3.out;st:600;sp:1200;sR:600;\"\n\t\t\t\t\t\t\t\tdata-frame_1_mask=\"u:t;\"\n\t\t\t\t\t\t\t\tdata-frame_999=\"st:w;sp:1000;sR:2200;auto:true;\"\n\t\t\t\t\t\t\t\tdata-frame_999_mask=\"u:t;\"\n\t\t\t\t\t\t\t\tstyle=\"z-index:9;background-color:#ffffff;font-family:'Barlow Condensed';text-transform:uppercase;\"\n\t\t\t\t\t\t\t>veh\u00edculos \n\t\t\t\t\t\t\t<\/rs-layer><!--\n\n\t\t\t\t\t\t\t--><rs-layer\n\t\t\t\t\t\t\t\tid=\"slider-10-slide-31-layer-4\" \n\t\t\t\t\t\t\t\tdata-type=\"text\"\n\t\t\t\t\t\t\t\tdata-color=\"#000000\"\n\t\t\t\t\t\t\t\tdata-rsp_ch=\"on\"\n\t\t\t\t\t\t\t\tdata-xy=\"y:m;yo:-146px,-135px,-90px,-91px;\"\n\t\t\t\t\t\t\t\tdata-text=\"w:normal;s:95,85,75,46;l:90,80,70,45;fw:600;a:inherit;\"\n\t\t\t\t\t\t\t\tdata-dim=\"w:456px,402px,360px,223px;h:auto,84px,73px,47px;\"\n\t\t\t\t\t\t\t\tdata-padding=\"r:5;b:3;l:5;\"\n\t\t\t\t\t\t\t\tdata-frame_0=\"x:175%;o:1;\"\n\t\t\t\t\t\t\t\tdata-frame_0_mask=\"u:t;x:-100%;\"\n\t\t\t\t\t\t\t\tdata-frame_1=\"e:power3.out;st:400;sp:1200;sR:400;\"\n\t\t\t\t\t\t\t\tdata-frame_1_mask=\"u:t;\"\n\t\t\t\t\t\t\t\tdata-frame_999=\"st:w;sp:1000;sR:2400;auto:true;\"\n\t\t\t\t\t\t\t\tdata-frame_999_mask=\"u:t;\"\n\t\t\t\t\t\t\t\tstyle=\"z-index:8;background-color:#ffffff;font-family:'Barlow Condensed';text-transform:uppercase;\"\n\t\t\t\t\t\t\t>rotulaci\u00f3n \n\t\t\t\t\t\t\t<\/rs-layer><!--\n\n\t\t\t\t\t\t\t--><rs-layer\n\t\t\t\t\t\t\t\tid=\"slider-10-slide-31-layer-5\" \n\t\t\t\t\t\t\t\tdata-type=\"text\"\n\t\t\t\t\t\t\t\tdata-color=\"#000000\"\n\t\t\t\t\t\t\t\tdata-rsp_ch=\"on\"\n\t\t\t\t\t\t\t\tdata-xy=\"xo:0,0,0,-1px;y:m;yo:56px,46px,71px,20px;\"\n\t\t\t\t\t\t\t\tdata-text=\"w:normal;s:95,85,75,42;l:90,80,70,45;fw:600;a:inherit;\"\n\t\t\t\t\t\t\t\tdata-dim=\"w:664px,587px,529px,295px;h:95px,86px,auto,48px;\"\n\t\t\t\t\t\t\t\tdata-padding=\"r:5;b:5;l:5;\"\n\t\t\t\t\t\t\t\tdata-frame_0=\"x:175%;o:1;\"\n\t\t\t\t\t\t\t\tdata-frame_0_mask=\"u:t;x:-100%;\"\n\t\t\t\t\t\t\t\tdata-frame_1=\"e:power3.out;st:750;sp:1200;sR:750;\"\n\t\t\t\t\t\t\t\tdata-frame_1_mask=\"u:t;\"\n\t\t\t\t\t\t\t\tdata-frame_999=\"st:w;sp:1000;sR:2050;auto:true;\"\n\t\t\t\t\t\t\t\tdata-frame_999_mask=\"u:t;\"\n\t\t\t\t\t\t\t\tstyle=\"z-index:10;background-color:#ffffff;font-family:'Barlow Condensed';text-transform:uppercase;\"\n\t\t\t\t\t\t\t>impresi\u00f3n digital \n\t\t\t\t\t\t\t<\/rs-layer><!--\n\n\t\t\t\t\t\t\t--><rs-layer\n\t\t\t\t\t\t\t\tid=\"slider-10-slide-31-layer-7\" \n\t\t\t\t\t\t\t\tdata-type=\"text\"\n\t\t\t\t\t\t\t\tdata-xy=\"y:m;yo:168px,154px,173px,109px;\"\n\t\t\t\t\t\t\t\tdata-text=\"l:22;a:inherit;\"\n\t\t\t\t\t\t\t\tdata-rsp_o=\"off\"\n\t\t\t\t\t\t\t\tdata-rsp_bd=\"off\"\n\t\t\t\t\t\t\t\tdata-frame_0=\"x:175%;o:1;\"\n\t\t\t\t\t\t\t\tdata-frame_0_mask=\"u:t;x:-100%;\"\n\t\t\t\t\t\t\t\tdata-frame_1=\"e:power3.out;st:900;sp:1200;sR:900;\"\n\t\t\t\t\t\t\t\tdata-frame_1_mask=\"u:t;\"\n\t\t\t\t\t\t\t\tdata-frame_999=\"st:w;sp:1000;sR:1900;auto:true;\"\n\t\t\t\t\t\t\t\tdata-frame_999_mask=\"u:t;\"\n\t\t\t\t\t\t\t\tstyle=\"z-index:11;font-family:'Roboto';\"\n\t\t\t\t\t\t\t><a class=\"qodef-shortcode qodef-m  qodef-button qodef-layout--filled \" href=\"http:\/\/www.rotulosamichi.com\/index.php\/contacto\/\" target=\"_self\"  >\n\t<span class=\"qodef-m-text\">Contacto_<\/span>\n<\/a> \n\t\t\t\t\t\t\t<\/rs-layer><!--\n-->\t\t\t\t\t\t<\/rs-slide>\n\t\t\t\t\t<\/rs-slides>\n\t\t\t\t<\/rs-module>\n\t\t\t\t<script>\n\t\t\t\t\tsetREVStartSize({c: 'rev_slider_10_1',rl:[1240,1024,778,480],el:[750,600,600,500],gw:[1100,1100,600,300],gh:[750,600,600,500],type:'standard',justify:'',layout:'fullscreen',offsetContainer:'',offset:'',mh:\"0\"});if (window.RS_MODULES!==undefined && window.RS_MODULES.modules!==undefined && window.RS_MODULES.modules[\"revslider101\"]!==undefined) {window.RS_MODULES.modules[\"revslider101\"].once = false;window.revapi10 = undefined;if (window.RS_MODULES.checkMinimal!==undefined) window.RS_MODULES.checkMinimal()}\n\t\t\t\t<\/script>\n\t\t\t<\/rs-module-wrap>\n\t\t\t<!-- END REVOLUTION SLIDER -->\n[\/vc_column][\/vc_row][vc_row][vc_column][vc_empty_space height=\u00bb33&#8243;][\/vc_column][\/vc_row][vc_section][vc_row row_content_width=\u00bbgrid\u00bb][vc_column width=\u00bb1\/2&#8243;]<div class=\"qodef-shortcode qodef-m  qodef-section-title qodef-alignment--left qodef-title-break--disabled\">\n\t\t<h3 class=\"qodef-m-title\" >\n\t\t\t\t\tRotulaci\u00f3n Veh\u00edculos_\t\t\t<\/h3>\n\t<\/div>[vc_column_text]Somos expertos en la rotulaci\u00f3n personalizada de cualquier tipo de veh\u00edculo o flota y autobuses.<\/p>\n<p><strong>Personalizamos los veh\u00edculos<\/strong> adapt\u00e1ndo a tu imagen corporativa, utilizamos materiales de calidad garantizados, ejecutando los proyectos de forma profesional y \u00e1gil.<\/p>\n<p>Realizamos un <strong>servicio integral<\/strong> que va desde el dise\u00f1o y la producci\u00f3n hasta la instalaci\u00f3n en cualquier punto de Espa\u00f1a.[\/vc_column_text][vc_empty_space height=\u00bb23px\u00bb][\/vc_column][vc_column width=\u00bb1\/2&#8243;]<div class=\"qodef-shortcode qodef-m  qodef-accordion clear qodef-behavior--accordion qodef-layout--simple\">\n\t<h4 class=\"qodef-accordion-title\">\n\t<span class=\"qodef-tab-title\">\n\t\tRotulaci\u00f3n veh\u00edculos con vinilo de corte\t<\/span>\n\t<span class=\"qodef-accordion-mark\">\n\t\t<span class=\"qodef-icon--plus\">+<\/span>\n\t\t<span class=\"qodef-icon--minus\">-<\/span>\n\t<\/span>\n<\/h4>\n<div class=\"qodef-accordion-content\">\n\t<div class=\"qodef-accordion-content-inner\">\n\t\t[vc_column_text]Rotulaci\u00f3n con vinilo de corte de todo tipo de veh\u00edculos en Santander y Cantabria.[\/vc_column_text]\t<\/div>\n<\/div><h4 class=\"qodef-accordion-title\">\n\t<span class=\"qodef-tab-title\">\n\t\tRotulaci\u00f3n veh\u00edculos con impresi\u00f3n digital\t<\/span>\n\t<span class=\"qodef-accordion-mark\">\n\t\t<span class=\"qodef-icon--plus\">+<\/span>\n\t\t<span class=\"qodef-icon--minus\">-<\/span>\n\t<\/span>\n<\/h4>\n<div class=\"qodef-accordion-content\">\n\t<div class=\"qodef-accordion-content-inner\">\n\t\t[vc_column_text]Rotulaci\u00f3n de veh\u00edculos integral o semi con impresi\u00f3n digital.<\/p>\n<p><strong>Da todo color a tu veh\u00edculo de empresa!<\/strong>[\/vc_column_text]\t<\/div>\n<\/div><\/div>[vc_empty_space height=\u00bb23px\u00bb][\/vc_column][\/vc_row][\/vc_section][vc_row css=\u00bb.vc_custom_1695572696946{background-color: #000000 !important;background-position: center !important;background-repeat: no-repeat !important;background-size: contain !important;}\u00bb][vc_column][vc_row_inner row_content_width=\u00bbgrid\u00bb][vc_column_inner]<div class=\"qodef-shortcode qodef-m  qodef-testimonials-list qodef-skin--light qodef-grid qodef-swiper-container  qodef-gutter--normal qodef-col-num--1 qodef-item-layout--info-below qodef-responsive--predefined\" data-slider-options=\"{&quot;slidesPerView&quot;:&quot;1&quot;,&quot;spaceBetween&quot;:15,&quot;loop&quot;:false,&quot;autoplay&quot;:true,&quot;speed&quot;:&quot;&quot;}\" data-unique=\"17775553562065159904\" data-outside-navigation=\"yes\">\n\t<div class=\"swiper-wrapper\">\n\t\t<div class=\"qodef-e swiper-slide\">\n\t<div class=\"qodef-e-inner\">\n\t\t\t\t<div class=\"qodef-e-content\">\n\t\t\t\t<h3 itemprop=\"name\" class=\"qodef-e-title entry-title\" >\n\t\tAsesoramiento_\t<\/h3>\n\t\t\t\t<h4 itemprop=\"description\" class=\"qodef-e-text\">\n\t\t&quot;Te ayudamos a elegir  lo que m\u00e1s se ajusta a tus necesidades y presupuesto&quot;\t<\/h4>\n\t\t\t\t\t<\/div>\n\t<\/div>\n<\/div><div class=\"qodef-e swiper-slide\">\n\t<div class=\"qodef-e-inner\">\n\t\t\t\t<div class=\"qodef-e-content\">\n\t\t\t\t<h3 itemprop=\"name\" class=\"qodef-e-title entry-title\" >\n\t\tProducci\u00f3n_\t<\/h3>\n\t\t\t\t<h4 itemprop=\"description\" class=\"qodef-e-text\">\n\t\t&quot;M\u00faltiples materiales y formas&quot;\t<\/h4>\n\t\t\t\t\t<\/div>\n\t<\/div>\n<\/div><div class=\"qodef-e swiper-slide\">\n\t<div class=\"qodef-e-inner\">\n\t\t\t\t<div class=\"qodef-e-content\">\n\t\t\t\t<h3 itemprop=\"name\" class=\"qodef-e-title entry-title\" >\n\t\tImagen_\t<\/h3>\n\t\t\t\t<h4 itemprop=\"description\" class=\"qodef-e-text\">\n\t\t&quot;Dise\u00f1amos o editamos la imagen en cualquier material&quot;\t<\/h4>\n\t\t\t\t\t<\/div>\n\t<\/div>\n<\/div>\t<\/div>\n\t\t\t<div class=\"swiper-pagination\"><\/div>\n\t<\/div>\n[vc_empty_space height=\u00bb33px\u00bb][\/vc_column_inner][\/vc_row_inner][\/vc_column][\/vc_row][vc_row][vc_column][vc_empty_space height=\u00bb12px\u00bb]<div class=\"qodef-frame-slider-holder swiper-container-horizontal\">\n\n    <div class=\"qodef-frame-slider-image\">\n        <img decoding=\"async\" src=\"https:\/\/www.rotulosamichi.com\/wp-content\/plugins\/boldlab-core\/inc\/shortcodes\/frame-slider\/assets\/img\/frame-slider.png\"\n             alt=\"Frame slider phone\">\n    <\/div>\n\n    <div class=\"qodef-m-items\">\n        <div class=\"qodef-m-swiper\">\n            <div class=\"swiper-wrapper\">\n\n\t\t\t\t\n\t\t\t\t\t\n                    <div class=\"qodef-m-item swiper-slide\">\n\t\t\t\t\t\t\n\t\t\t\t\t\t<img loading=\"lazy\" decoding=\"async\" width=\"2200\" height=\"1466\" src=\"https:\/\/www.rotulosamichi.com\/wp-content\/uploads\/2023\/09\/rotulacion_vehiculo_corte.jpg\" class=\"attachment-full size-full\" alt=\"\" srcset=\"https:\/\/www.rotulosamichi.com\/wp-content\/uploads\/2023\/09\/rotulacion_vehiculo_corte.jpg 2200w, https:\/\/www.rotulosamichi.com\/wp-content\/uploads\/2023\/09\/rotulacion_vehiculo_corte-300x200.jpg 300w, https:\/\/www.rotulosamichi.com\/wp-content\/uploads\/2023\/09\/rotulacion_vehiculo_corte-1024x682.jpg 1024w, https:\/\/www.rotulosamichi.com\/wp-content\/uploads\/2023\/09\/rotulacion_vehiculo_corte-768x512.jpg 768w, https:\/\/www.rotulosamichi.com\/wp-content\/uploads\/2023\/09\/rotulacion_vehiculo_corte-1536x1024.jpg 1536w, https:\/\/www.rotulosamichi.com\/wp-content\/uploads\/2023\/09\/rotulacion_vehiculo_corte-2048x1365.jpg 2048w\" sizes=\"auto, (max-width: 2200px) 100vw, 2200px\" \/>\n\t\t\t\t\t\t\n                    <\/div>\n\n\t\t\t\t\n\t\t\t\t\t\n                    <div class=\"qodef-m-item swiper-slide\">\n\t\t\t\t\t\t\n\t\t\t\t\t\t<img loading=\"lazy\" decoding=\"async\" width=\"2200\" height=\"1466\" src=\"https:\/\/www.rotulosamichi.com\/wp-content\/uploads\/2023\/09\/rotulacion_vehiculo_digital.jpg\" class=\"attachment-full size-full\" alt=\"\" srcset=\"https:\/\/www.rotulosamichi.com\/wp-content\/uploads\/2023\/09\/rotulacion_vehiculo_digital.jpg 2200w, https:\/\/www.rotulosamichi.com\/wp-content\/uploads\/2023\/09\/rotulacion_vehiculo_digital-300x200.jpg 300w, https:\/\/www.rotulosamichi.com\/wp-content\/uploads\/2023\/09\/rotulacion_vehiculo_digital-1024x682.jpg 1024w, https:\/\/www.rotulosamichi.com\/wp-content\/uploads\/2023\/09\/rotulacion_vehiculo_digital-768x512.jpg 768w, https:\/\/www.rotulosamichi.com\/wp-content\/uploads\/2023\/09\/rotulacion_vehiculo_digital-1536x1024.jpg 1536w, https:\/\/www.rotulosamichi.com\/wp-content\/uploads\/2023\/09\/rotulacion_vehiculo_digital-2048x1365.jpg 2048w\" sizes=\"auto, (max-width: 2200px) 100vw, 2200px\" \/>\n\t\t\t\t\t\t\n                    <\/div>\n\n\t\t\t\t\n            <\/div><!-- .swiper-wrapper -->\n        <\/div><!-- .qodef-m-swiper -->\n    <\/div><!-- .qodef-m-items -->\n\n    <div class=\"swiper-pagination\"><\/div>\n\n<\/div>\n[vc_empty_space height=\u00bb12px\u00bb][\/vc_column][\/vc_row][vc_row row_content_width=\u00bbgrid\u00bb][vc_column width=\u00bb1\/3&#8243;][vc_empty_space height=\u00bb33px\u00bb]<div class=\"qodef-shortcode qodef-m  qodef-icon-with-text qodef-layout--top qodef--custom-icon qodef--icon-animation qodef--loading-animation qodef-alignment--center\">\n\t<div class=\"qodef-m-icon-wrapper\">\n\t\t\t\t\t<img loading=\"lazy\" decoding=\"async\" width=\"87\" height=\"101\" src=\"https:\/\/www.rotulosamichi.com\/wp-content\/uploads\/2018\/11\/h1-custom-icon-1.png\" class=\"attachment-full size-full\" alt=\"d\" \/>\t\t<\/div>\n\t<div class=\"qodef-m-content\">\n\t\t\t<h4 class=\"qodef-m-title\" >\n\t\t\t\t\t<span class=\"qodef-m-title-text\">calidad<\/span>\n\t\t\t<\/h4>\n\t\t\t<p class=\"qodef-m-text\" >Editamos y producimos con los mejores materiales asegurando un acabado de calidad.<\/p>\n\t<\/div>\n<\/div>[vc_empty_space height=\u00bb33px\u00bb][\/vc_column][vc_column width=\u00bb1\/3&#8243;][vc_empty_space height=\u00bb33px\u00bb]<div class=\"qodef-shortcode qodef-m  qodef-icon-with-text qodef-layout--top qodef--custom-icon qodef--icon-animation qodef--loading-animation qodef-alignment--center\">\n\t<div class=\"qodef-m-icon-wrapper\">\n\t\t\t\t\t<img loading=\"lazy\" decoding=\"async\" width=\"95\" height=\"101\" src=\"https:\/\/www.rotulosamichi.com\/wp-content\/uploads\/2018\/11\/h1-custom-icon-4.png\" class=\"attachment-full size-full\" alt=\"s\" \/>\t\t<\/div>\n\t<div class=\"qodef-m-content\">\n\t\t\t<h4 class=\"qodef-m-title\" >\n\t\t\t\t\t<span class=\"qodef-m-title-text\">Experiencia<\/span>\n\t\t\t<\/h4>\n\t\t\t<p class=\"qodef-m-text\" >Garantizamos al cliente un acabado profesional con la mejor relaci\u00f3n calidad precio.<\/p>\n\t<\/div>\n<\/div>[vc_empty_space height=\u00bb33px\u00bb][\/vc_column][vc_column width=\u00bb1\/3&#8243;][vc_empty_space height=\u00bb33px\u00bb]<div class=\"qodef-shortcode qodef-m  qodef-icon-with-text qodef-layout--top qodef--custom-icon qodef--icon-animation qodef--loading-animation qodef-alignment--center\">\n\t<div class=\"qodef-m-icon-wrapper\">\n\t\t\t\t\t<img loading=\"lazy\" decoding=\"async\" width=\"107\" height=\"101\" src=\"https:\/\/www.rotulosamichi.com\/wp-content\/uploads\/2018\/11\/h1-custom-icon-3.png\" class=\"attachment-full size-full\" alt=\";\" \/>\t\t<\/div>\n\t<div class=\"qodef-m-content\">\n\t\t\t<h4 class=\"qodef-m-title\" >\n\t\t\t\t\t<span class=\"qodef-m-title-text\">Precio<\/span>\n\t\t\t<\/h4>\n\t\t\t<p class=\"qodef-m-text\" >Te asesoramos a encontrar lo que m\u00e1s se ajusta a tus necesidades y presupuesto.<\/p>\n\t<\/div>\n<\/div>[vc_empty_space height=\u00bb33px\u00bb][\/vc_column][\/vc_row]<\/p>\n<\/section>","protected":false},"excerpt":{"rendered":"<p>[vc_row][vc_column][\/vc_column][\/vc_row][vc_row][vc_column][vc_empty_space height=\u00bb33&#8243;][\/vc_column][\/vc_row][vc_section][vc_row row_content_width=\u00bbgrid\u00bb][vc_column width=\u00bb1\/2&#8243;][vc_column_text]Somos expertos en la rotulaci\u00f3n personalizada de cualquier tipo de veh\u00edculo o flota y autobuses. Personalizamos los veh\u00edculos adapt\u00e1ndo a tu imagen corporativa, utilizamos materiales de calidad garantizados, ejecutando los proyectos de forma profesional y \u00e1gil. Realizamos un servicio integral que va desde el dise\u00f1o y la producci\u00f3n hasta la instalaci\u00f3n en [&hellip;]<\/p>\n","protected":false},"author":1,"featured_media":0,"parent":0,"menu_order":0,"comment_status":"closed","ping_status":"closed","template":"page-full-width.php","meta":{"footnotes":""},"class_list":["post-5540","page","type-page","status-publish","hentry"],"aioseo_notices":[],"_links":{"self":[{"href":"https:\/\/www.rotulosamichi.com\/index.php\/wp-json\/wp\/v2\/pages\/5540","targetHints":{"allow":["GET"]}}],"collection":[{"href":"https:\/\/www.rotulosamichi.com\/index.php\/wp-json\/wp\/v2\/pages"}],"about":[{"href":"https:\/\/www.rotulosamichi.com\/index.php\/wp-json\/wp\/v2\/types\/page"}],"author":[{"embeddable":true,"href":"https:\/\/www.rotulosamichi.com\/index.php\/wp-json\/wp\/v2\/users\/1"}],"replies":[{"embeddable":true,"href":"https:\/\/www.rotulosamichi.com\/index.php\/wp-json\/wp\/v2\/comments?post=5540"}],"version-history":[{"count":15,"href":"https:\/\/www.rotulosamichi.com\/index.php\/wp-json\/wp\/v2\/pages\/5540\/revisions"}],"predecessor-version":[{"id":5987,"href":"https:\/\/www.rotulosamichi.com\/index.php\/wp-json\/wp\/v2\/pages\/5540\/revisions\/5987"}],"wp:attachment":[{"href":"https:\/\/www.rotulosamichi.com\/index.php\/wp-json\/wp\/v2\/media?parent=5540"}],"curies":[{"name":"wp","href":"https:\/\/api.w.org\/{rel}","templated":true}]}}