{"id":5878,"date":"2023-11-06T16:37:32","date_gmt":"2023-11-06T16:37:32","guid":{"rendered":"http:\/\/www.rotulosamichi.com\/?page_id=5878"},"modified":"2023-11-20T16:44:54","modified_gmt":"2023-11-20T16:44:54","slug":"textil","status":"publish","type":"page","link":"https:\/\/www.rotulosamichi.com\/index.php\/textil\/","title":{"rendered":"Textil"},"content":{"rendered":"<section class=\"wpb-content-wrapper\"><p>[vc_row][vc_column]\n\t\t\t<!-- START Textil REVOLUTION SLIDER 6.6.12 --><p class=\"rs-p-wp-fix\"><\/p>\n\t\t\t<rs-module-wrap id=\"rev_slider_13_1_wrapper\" data-source=\"gallery\" style=\"visibility:hidden;background:#ffffff;padding:0;\">\n\t\t\t\t<rs-module id=\"rev_slider_13_1\" style=\"\" data-version=\"6.6.12\">\n\t\t\t\t\t<rs-slides style=\"overflow: hidden; position: absolute;\">\n\t\t\t\t\t\t<rs-slide style=\"position: absolute;\" data-key=\"rs-45\" data-title=\"Slide\" data-in=\"o:0;\" data-out=\"a:false;\">\n\t\t\t\t\t\t\t<img decoding=\"async\" src=\"\/\/www.rotulosamichi.com\/wp-content\/plugins\/revslider\/public\/assets\/assets\/dummy.png\" alt=\"\" title=\"textil_1\" width=\"2200\" height=\"1460\" class=\"rev-slidebg tp-rs-img rs-lazyload\" data-lazyload=\"\/\/www.rotulosamichi.com\/wp-content\/uploads\/2023\/11\/textil_1.jpg\" data-parallax=\"7\" data-no-retina>\n<!--\n\t\t\t\t\t\t\t--><rs-layer\n\t\t\t\t\t\t\t\tid=\"slider-13-slide-45-layer-3\" \n\t\t\t\t\t\t\t\tdata-type=\"text\"\n\t\t\t\t\t\t\t\tdata-color=\"#000000\"\n\t\t\t\t\t\t\t\tdata-rsp_ch=\"on\"\n\t\t\t\t\t\t\t\tdata-xy=\"y:m;yo:-46px,-45px,-10px,-36px;\"\n\t\t\t\t\t\t\t\tdata-text=\"w:normal;s:95,85,75,46;l:77,80,70,45;fw:600;a:inherit;\"\n\t\t\t\t\t\t\t\tdata-dim=\"w:414px,287px,327px,208px;h:88px,85px,75px,50px;\"\n\t\t\t\t\t\t\t\tdata-padding=\"r:4,5,5,5;b:4,5,5,5;l:4,5,5,5;\"\n\t\t\t\t\t\t\t\tdata-frame_0=\"x:175%;o:1;\"\n\t\t\t\t\t\t\t\tdata-frame_0_mask=\"u:t;x:-100%;\"\n\t\t\t\t\t\t\t\tdata-frame_1=\"e:power3.out;st:600;sp:1200;sR:600;\"\n\t\t\t\t\t\t\t\tdata-frame_1_mask=\"u:t;\"\n\t\t\t\t\t\t\t\tdata-frame_999=\"st:w;sp:1000;sR:2200;auto:true;\"\n\t\t\t\t\t\t\t\tdata-frame_999_mask=\"u:t;\"\n\t\t\t\t\t\t\t\tstyle=\"z-index:9;background-color:#ffffff;font-family:'Barlow Condensed';text-transform:uppercase;\"\n\t\t\t\t\t\t\t>Tu ropa en \n\t\t\t\t\t\t\t<\/rs-layer><!--\n\n\t\t\t\t\t\t\t--><rs-layer\n\t\t\t\t\t\t\t\tid=\"slider-13-slide-45-layer-4\" \n\t\t\t\t\t\t\t\tdata-type=\"text\"\n\t\t\t\t\t\t\t\tdata-color=\"#000000\"\n\t\t\t\t\t\t\t\tdata-rsp_ch=\"on\"\n\t\t\t\t\t\t\t\tdata-xy=\"y:m;yo:-146px,-135px,-90px,-91px;\"\n\t\t\t\t\t\t\t\tdata-text=\"w:normal;s:95,85,75,46;l:90,80,70,45;fw:600;a:inherit;\"\n\t\t\t\t\t\t\t\tdata-dim=\"w:415px,370px,327px,207px;h:auto,84px,73px,47px;\"\n\t\t\t\t\t\t\t\tdata-padding=\"r:5;b:3;l:5;\"\n\t\t\t\t\t\t\t\tdata-frame_0=\"x:175%;o:1;\"\n\t\t\t\t\t\t\t\tdata-frame_0_mask=\"u:t;x:-100%;\"\n\t\t\t\t\t\t\t\tdata-frame_1=\"e:power3.out;st:400;sp:1200;sR:400;\"\n\t\t\t\t\t\t\t\tdata-frame_1_mask=\"u:t;\"\n\t\t\t\t\t\t\t\tdata-frame_999=\"st:w;sp:1000;sR:2400;auto:true;\"\n\t\t\t\t\t\t\t\tdata-frame_999_mask=\"u:t;\"\n\t\t\t\t\t\t\t\tstyle=\"z-index:8;background-color:#ffffff;font-family:'Barlow Condensed';text-transform:uppercase;\"\n\t\t\t\t\t\t\t>Serigraf\u00eda \n\t\t\t\t\t\t\t<\/rs-layer><!--\n\n\t\t\t\t\t\t\t--><rs-layer\n\t\t\t\t\t\t\t\tid=\"slider-13-slide-45-layer-5\" \n\t\t\t\t\t\t\t\tdata-type=\"text\"\n\t\t\t\t\t\t\t\tdata-color=\"#000000\"\n\t\t\t\t\t\t\t\tdata-rsp_ch=\"on\"\n\t\t\t\t\t\t\t\tdata-xy=\"xo:0,0,0,-1px;y:m;yo:56px,46px,71px,21px;\"\n\t\t\t\t\t\t\t\tdata-text=\"w:normal;s:95,85,75,50;l:90,80,70,45;fw:600;a:inherit;\"\n\t\t\t\t\t\t\t\tdata-dim=\"w:249px,240px,207px,138px;h:95px,86px,auto,51px;\"\n\t\t\t\t\t\t\t\tdata-padding=\"r:5;b:5;l:5;\"\n\t\t\t\t\t\t\t\tdata-frame_0=\"x:175%;o:1;\"\n\t\t\t\t\t\t\t\tdata-frame_0_mask=\"u:t;x:-100%;\"\n\t\t\t\t\t\t\t\tdata-frame_1=\"e:power3.out;st:750;sp:1200;sR:750;\"\n\t\t\t\t\t\t\t\tdata-frame_1_mask=\"u:t;\"\n\t\t\t\t\t\t\t\tdata-frame_999=\"st:w;sp:1000;sR:2050;auto:true;\"\n\t\t\t\t\t\t\t\tdata-frame_999_mask=\"u:t;\"\n\t\t\t\t\t\t\t\tstyle=\"z-index:10;background-color:#ffffff;font-family:'Barlow Condensed';text-transform:uppercase;\"\n\t\t\t\t\t\t\t>Amichi \n\t\t\t\t\t\t\t<\/rs-layer><!--\n\n\t\t\t\t\t\t\t--><rs-layer\n\t\t\t\t\t\t\t\tid=\"slider-13-slide-45-layer-7\" \n\t\t\t\t\t\t\t\tdata-type=\"text\"\n\t\t\t\t\t\t\t\tdata-xy=\"y:m;yo:168px,154px,173px,109px;\"\n\t\t\t\t\t\t\t\tdata-text=\"l:22;a:inherit;\"\n\t\t\t\t\t\t\t\tdata-rsp_o=\"off\"\n\t\t\t\t\t\t\t\tdata-rsp_bd=\"off\"\n\t\t\t\t\t\t\t\tdata-frame_0=\"x:175%;o:1;\"\n\t\t\t\t\t\t\t\tdata-frame_0_mask=\"u:t;x:-100%;\"\n\t\t\t\t\t\t\t\tdata-frame_1=\"e:power3.out;st:900;sp:1200;sR:900;\"\n\t\t\t\t\t\t\t\tdata-frame_1_mask=\"u:t;\"\n\t\t\t\t\t\t\t\tdata-frame_999=\"st:w;sp:1000;sR:1900;auto:true;\"\n\t\t\t\t\t\t\t\tdata-frame_999_mask=\"u:t;\"\n\t\t\t\t\t\t\t\tstyle=\"z-index:11;font-family:'Roboto';\"\n\t\t\t\t\t\t\t><a class=\"qodef-shortcode qodef-m  qodef-button qodef-layout--filled \" href=\"mailto:amichi@amichiserigrafia.com\" target=\"_self\"  >\n\t<span class=\"qodef-m-text\">Contacto_<\/span>\n<\/a> \n\t\t\t\t\t\t\t<\/rs-layer><!--\n-->\t\t\t\t\t\t<\/rs-slide>\n\t\t\t\t\t<\/rs-slides>\n\t\t\t\t<\/rs-module>\n\t\t\t\t<script>\n\t\t\t\t\tsetREVStartSize({c: 'rev_slider_13_1',rl:[1240,1024,778,480],el:[750,600,600,500],gw:[1100,1100,600,300],gh:[750,600,600,500],type:'standard',justify:'',layout:'fullscreen',offsetContainer:'',offset:'',mh:\"0\"});if (window.RS_MODULES!==undefined && window.RS_MODULES.modules!==undefined && window.RS_MODULES.modules[\"revslider131\"]!==undefined) {window.RS_MODULES.modules[\"revslider131\"].once = false;window.revapi13 = undefined;if (window.RS_MODULES.checkMinimal!==undefined) window.RS_MODULES.checkMinimal()}\n\t\t\t\t<\/script>\n\t\t\t<\/rs-module-wrap>\n\t\t\t<!-- END REVOLUTION SLIDER -->\n[\/vc_column][\/vc_row][vc_row][vc_column][vc_empty_space height=\u00bb33&#8243;][\/vc_column][\/vc_row][vc_section][vc_row row_content_width=\u00bbgrid\u00bb][vc_column width=\u00bb1\/2&#8243;]<div class=\"qodef-shortcode qodef-m  qodef-section-title qodef-alignment--left qodef-title-break--disabled\">\n\t\t<h4 class=\"qodef-m-title\" >\n\t\t\t\t\tSERIGRAF\u00cdA TEXTIL_\t\t\t<\/h4>\n\t<\/div>[vc_column_text]La serigraf\u00eda es uno de los m\u00e9todos de estampaci\u00f3n textil m\u00e1s antiguos del mundo, este m\u00e9todo permite utilizar un m\u00e1ximo de 6 tintas en la impresi\u00f3n[\/vc_column_text][vc_column_text]<span class=\"ILfuVd\" lang=\"es\"><span class=\"hgKElc\">Es una <b>t\u00e9cnica de impresi\u00f3n que permite estampar un tejido mediante el uso de tinta<\/b><\/span><\/span>.[\/vc_column_text][vc_empty_space height=\u00bb23px\u00bb][\/vc_column][vc_column width=\u00bb1\/2&#8243;]<div class=\"qodef-shortcode qodef-m  qodef-accordion clear qodef-behavior--accordion qodef-layout--simple\">\n\t<h4 class=\"qodef-accordion-title\">\n\t<span class=\"qodef-tab-title\">\n\t\tDise\u00f1o\t<\/span>\n\t<span class=\"qodef-accordion-mark\">\n\t\t<span class=\"qodef-icon--plus\">+<\/span>\n\t\t<span class=\"qodef-icon--minus\">-<\/span>\n\t<\/span>\n<\/h4>\n<div class=\"qodef-accordion-content\">\n\t<div class=\"qodef-accordion-content-inner\">\n\t\t[vc_column_text]<span class=\"ILfuVd\" lang=\"es\"><span class=\"hgKElc\">Dise\u00f1amos la imagen de tu empresa o estampamos el dise\u00f1o que nos traigas.<br \/>\n<\/span><\/span>[\/vc_column_text]\t<\/div>\n<\/div><h4 class=\"qodef-accordion-title\">\n\t<span class=\"qodef-tab-title\">\n\t\tResistencia\t<\/span>\n\t<span class=\"qodef-accordion-mark\">\n\t\t<span class=\"qodef-icon--plus\">+<\/span>\n\t\t<span class=\"qodef-icon--minus\">-<\/span>\n\t<\/span>\n<\/h4>\n<div class=\"qodef-accordion-content\">\n\t<div class=\"qodef-accordion-content-inner\">\n\t\t[vc_column_text]<span class=\"ILfuVd\" lang=\"es\"><span class=\"hgKElc\">La calidad de la impresi\u00f3n serigr\u00e1fica es alta y <b>muy resistente al paso del tiempo<\/b> y a los lavados, de ah\u00ed que sea la estampaci\u00f3n predilecta para clubes deportivos, merchandising o cualquier otro tipo de evento que requiera prendas personalizadas.<\/span><\/span>[\/vc_column_text]\t<\/div>\n<\/div><h4 class=\"qodef-accordion-title\">\n\t<span class=\"qodef-tab-title\">\n\t\tCaracter\u00edsticas\t<\/span>\n\t<span class=\"qodef-accordion-mark\">\n\t\t<span class=\"qodef-icon--plus\">+<\/span>\n\t\t<span class=\"qodef-icon--minus\">-<\/span>\n\t<\/span>\n<\/h4>\n<div class=\"qodef-accordion-content\">\n\t<div class=\"qodef-accordion-content-inner\">\n\t\t[vc_column_text]<span class=\"ILfuVd\" lang=\"es\"><span class=\"hgKElc\">Esta t\u00e9cnica de estampaci\u00f3n es agradable al tacto, ya que se imprime la tinta directamente sobre el material.<\/span><\/span>[\/vc_column_text]\t<\/div>\n<\/div><\/div>[\/vc_column][\/vc_row][\/vc_section][vc_section][vc_row row_content_width=\u00bbgrid\u00bb][vc_column][vc_empty_space height=\u00bb23px\u00bb][\/vc_column][\/vc_row][\/vc_section][vc_row][vc_column][vc_empty_space height=\u00bb23px\u00bb]<div class=\"qodef-frame-slider-holder swiper-container-horizontal\">\n\n    <div class=\"qodef-frame-slider-image\">\n        <img decoding=\"async\" src=\"https:\/\/www.rotulosamichi.com\/wp-content\/plugins\/boldlab-core\/inc\/shortcodes\/frame-slider\/assets\/img\/frame-slider.png\"\n             alt=\"Frame slider phone\">\n    <\/div>\n\n    <div class=\"qodef-m-items\">\n        <div class=\"qodef-m-swiper\">\n            <div class=\"swiper-wrapper\">\n\n\t\t\t\t\n\t\t\t\t\t\n                    <div class=\"qodef-m-item swiper-slide\">\n\t\t\t\t\t\t\n\t\t\t\t\t\t<img loading=\"lazy\" decoding=\"async\" width=\"2200\" height=\"1460\" src=\"https:\/\/www.rotulosamichi.com\/wp-content\/uploads\/2023\/11\/textil_1.jpg\" class=\"attachment-full size-full\" alt=\"\" srcset=\"https:\/\/www.rotulosamichi.com\/wp-content\/uploads\/2023\/11\/textil_1.jpg 2200w, https:\/\/www.rotulosamichi.com\/wp-content\/uploads\/2023\/11\/textil_1-300x199.jpg 300w, https:\/\/www.rotulosamichi.com\/wp-content\/uploads\/2023\/11\/textil_1-1024x680.jpg 1024w, https:\/\/www.rotulosamichi.com\/wp-content\/uploads\/2023\/11\/textil_1-768x510.jpg 768w, https:\/\/www.rotulosamichi.com\/wp-content\/uploads\/2023\/11\/textil_1-1536x1019.jpg 1536w, https:\/\/www.rotulosamichi.com\/wp-content\/uploads\/2023\/11\/textil_1-2048x1359.jpg 2048w\" sizes=\"auto, (max-width: 2200px) 100vw, 2200px\" \/>\n\t\t\t\t\t\t\n                    <\/div>\n\n\t\t\t\t\n\t\t\t\t\t\n                    <div class=\"qodef-m-item swiper-slide\">\n\t\t\t\t\t\t\n\t\t\t\t\t\t<img loading=\"lazy\" decoding=\"async\" width=\"2200\" height=\"1460\" src=\"https:\/\/www.rotulosamichi.com\/wp-content\/uploads\/2023\/11\/textil_4.jpg\" class=\"attachment-full size-full\" alt=\"\" srcset=\"https:\/\/www.rotulosamichi.com\/wp-content\/uploads\/2023\/11\/textil_4.jpg 2200w, https:\/\/www.rotulosamichi.com\/wp-content\/uploads\/2023\/11\/textil_4-300x199.jpg 300w, https:\/\/www.rotulosamichi.com\/wp-content\/uploads\/2023\/11\/textil_4-1024x680.jpg 1024w, https:\/\/www.rotulosamichi.com\/wp-content\/uploads\/2023\/11\/textil_4-768x510.jpg 768w, https:\/\/www.rotulosamichi.com\/wp-content\/uploads\/2023\/11\/textil_4-1536x1019.jpg 1536w, https:\/\/www.rotulosamichi.com\/wp-content\/uploads\/2023\/11\/textil_4-2048x1359.jpg 2048w\" sizes=\"auto, (max-width: 2200px) 100vw, 2200px\" \/>\n\t\t\t\t\t\t\n                    <\/div>\n\n\t\t\t\t\n\t\t\t\t\t\n                    <div class=\"qodef-m-item swiper-slide\">\n\t\t\t\t\t\t\n\t\t\t\t\t\t<img loading=\"lazy\" decoding=\"async\" width=\"2200\" height=\"1460\" src=\"https:\/\/www.rotulosamichi.com\/wp-content\/uploads\/2023\/11\/textil_3.jpg\" class=\"attachment-full size-full\" alt=\"\" srcset=\"https:\/\/www.rotulosamichi.com\/wp-content\/uploads\/2023\/11\/textil_3.jpg 2200w, https:\/\/www.rotulosamichi.com\/wp-content\/uploads\/2023\/11\/textil_3-300x199.jpg 300w, https:\/\/www.rotulosamichi.com\/wp-content\/uploads\/2023\/11\/textil_3-1024x680.jpg 1024w, https:\/\/www.rotulosamichi.com\/wp-content\/uploads\/2023\/11\/textil_3-768x510.jpg 768w, https:\/\/www.rotulosamichi.com\/wp-content\/uploads\/2023\/11\/textil_3-1536x1019.jpg 1536w, https:\/\/www.rotulosamichi.com\/wp-content\/uploads\/2023\/11\/textil_3-2048x1359.jpg 2048w\" sizes=\"auto, (max-width: 2200px) 100vw, 2200px\" \/>\n\t\t\t\t\t\t\n                    <\/div>\n\n\t\t\t\t\n\t\t\t\t\t\n                    <div class=\"qodef-m-item swiper-slide\">\n\t\t\t\t\t\t\n\t\t\t\t\t\t<img loading=\"lazy\" decoding=\"async\" width=\"2200\" height=\"1460\" src=\"https:\/\/www.rotulosamichi.com\/wp-content\/uploads\/2023\/11\/textil_0.jpg\" class=\"attachment-full size-full\" alt=\"\" srcset=\"https:\/\/www.rotulosamichi.com\/wp-content\/uploads\/2023\/11\/textil_0.jpg 2200w, https:\/\/www.rotulosamichi.com\/wp-content\/uploads\/2023\/11\/textil_0-300x199.jpg 300w, https:\/\/www.rotulosamichi.com\/wp-content\/uploads\/2023\/11\/textil_0-1024x680.jpg 1024w, https:\/\/www.rotulosamichi.com\/wp-content\/uploads\/2023\/11\/textil_0-768x510.jpg 768w, https:\/\/www.rotulosamichi.com\/wp-content\/uploads\/2023\/11\/textil_0-1536x1019.jpg 1536w, https:\/\/www.rotulosamichi.com\/wp-content\/uploads\/2023\/11\/textil_0-2048x1359.jpg 2048w\" sizes=\"auto, (max-width: 2200px) 100vw, 2200px\" \/>\n\t\t\t\t\t\t\n                    <\/div>\n\n\t\t\t\t\n\t\t\t\t\t\n                    <div class=\"qodef-m-item swiper-slide\">\n\t\t\t\t\t\t\n\t\t\t\t\t\t<img loading=\"lazy\" decoding=\"async\" width=\"1920\" height=\"1024\" src=\"https:\/\/www.rotulosamichi.com\/wp-content\/uploads\/2023\/11\/ropa_industrial.jpg\" class=\"attachment-full size-full\" alt=\"\" srcset=\"https:\/\/www.rotulosamichi.com\/wp-content\/uploads\/2023\/11\/ropa_industrial.jpg 1920w, https:\/\/www.rotulosamichi.com\/wp-content\/uploads\/2023\/11\/ropa_industrial-300x160.jpg 300w, https:\/\/www.rotulosamichi.com\/wp-content\/uploads\/2023\/11\/ropa_industrial-1024x546.jpg 1024w, https:\/\/www.rotulosamichi.com\/wp-content\/uploads\/2023\/11\/ropa_industrial-768x410.jpg 768w, https:\/\/www.rotulosamichi.com\/wp-content\/uploads\/2023\/11\/ropa_industrial-1536x819.jpg 1536w\" sizes=\"auto, (max-width: 1920px) 100vw, 1920px\" \/>\n\t\t\t\t\t\t\n                    <\/div>\n\n\t\t\t\t\n\t\t\t\t\t\n                    <div class=\"qodef-m-item swiper-slide\">\n\t\t\t\t\t\t\n\t\t\t\t\t\t<img loading=\"lazy\" decoding=\"async\" width=\"1370\" height=\"912\" src=\"https:\/\/www.rotulosamichi.com\/wp-content\/uploads\/2023\/11\/chaleco.jpg\" class=\"attachment-full size-full\" alt=\"\" srcset=\"https:\/\/www.rotulosamichi.com\/wp-content\/uploads\/2023\/11\/chaleco.jpg 1370w, https:\/\/www.rotulosamichi.com\/wp-content\/uploads\/2023\/11\/chaleco-300x200.jpg 300w, https:\/\/www.rotulosamichi.com\/wp-content\/uploads\/2023\/11\/chaleco-1024x682.jpg 1024w, https:\/\/www.rotulosamichi.com\/wp-content\/uploads\/2023\/11\/chaleco-768x511.jpg 768w\" sizes=\"auto, (max-width: 1370px) 100vw, 1370px\" \/>\n\t\t\t\t\t\t\n                    <\/div>\n\n\t\t\t\t\n            <\/div><!-- .swiper-wrapper -->\n        <\/div><!-- .qodef-m-swiper -->\n    <\/div><!-- .qodef-m-items -->\n\n    <div class=\"swiper-pagination\"><\/div>\n\n<\/div>\n[vc_empty_space height=\u00bb23px\u00bb][\/vc_column][\/vc_row][vc_row row_content_width=\u00bbgrid\u00bb][vc_column width=\u00bb1\/3&#8243;][vc_empty_space height=\u00bb33px\u00bb]<div class=\"qodef-shortcode qodef-m  qodef-icon-with-text qodef-layout--top qodef--custom-icon qodef--icon-animation qodef--loading-animation qodef-alignment--center\">\n\t<div class=\"qodef-m-icon-wrapper\">\n\t\t\t\t\t<img loading=\"lazy\" decoding=\"async\" width=\"87\" height=\"101\" src=\"https:\/\/www.rotulosamichi.com\/wp-content\/uploads\/2018\/11\/h1-custom-icon-1.png\" class=\"attachment-full size-full\" alt=\"d\" \/>\t\t<\/div>\n\t<div class=\"qodef-m-content\">\n\t\t\t<h4 class=\"qodef-m-title\" >\n\t\t\t\t\t<span class=\"qodef-m-title-text\">calidad<\/span>\n\t\t\t<\/h4>\n\t\t\t<p class=\"qodef-m-text\" >Durabilidad con un gran detalle en los acabados.<\/p>\n\t<\/div>\n<\/div>[vc_empty_space height=\u00bb33px\u00bb][\/vc_column][vc_column width=\u00bb1\/3&#8243;][vc_empty_space height=\u00bb33px\u00bb]<div class=\"qodef-shortcode qodef-m  qodef-icon-with-text qodef-layout--top qodef--custom-icon qodef--icon-animation qodef--loading-animation qodef-alignment--center\">\n\t<div class=\"qodef-m-icon-wrapper\">\n\t\t\t\t\t<img loading=\"lazy\" decoding=\"async\" width=\"95\" height=\"101\" src=\"https:\/\/www.rotulosamichi.com\/wp-content\/uploads\/2018\/11\/h1-custom-icon-4.png\" class=\"attachment-full size-full\" alt=\"s\" \/>\t\t<\/div>\n\t<div class=\"qodef-m-content\">\n\t\t\t<h4 class=\"qodef-m-title\" >\n\t\t\t\t\t<span class=\"qodef-m-title-text\">Color<\/span>\n\t\t\t<\/h4>\n\t\t\t<p class=\"qodef-m-text\" >Podemos serigrafiar tus prendas a una o varias tintas.<\/p>\n\t<\/div>\n<\/div>[vc_empty_space height=\u00bb33px\u00bb][\/vc_column][vc_column width=\u00bb1\/3&#8243;][vc_empty_space height=\u00bb33px\u00bb]<div class=\"qodef-shortcode qodef-m  qodef-icon-with-text qodef-layout--top qodef--custom-icon qodef--icon-animation qodef--loading-animation qodef-alignment--center\">\n\t<div class=\"qodef-m-icon-wrapper\">\n\t\t\t\t\t<img loading=\"lazy\" decoding=\"async\" width=\"107\" height=\"101\" src=\"https:\/\/www.rotulosamichi.com\/wp-content\/uploads\/2018\/11\/h1-custom-icon-3.png\" class=\"attachment-full size-full\" alt=\";\" \/>\t\t<\/div>\n\t<div class=\"qodef-m-content\">\n\t\t\t<h4 class=\"qodef-m-title\" style=\"color: #000000\">\n\t\t\t\t\t<span class=\"qodef-m-title-text\">Producci\u00f3n<\/span>\n\t\t\t<\/h4>\n\t\t\t<p class=\"qodef-m-text\" >No importa la cantidad del pedido, tenemos la maquinaria y los materiales para hacerlo.<\/p>\n\t<\/div>\n<\/div>[vc_empty_space height=\u00bb33px\u00bb][\/vc_column][\/vc_row]<\/p>\n<\/section>","protected":false},"excerpt":{"rendered":"<p>[vc_row][vc_column][\/vc_column][\/vc_row][vc_row][vc_column][vc_empty_space height=\u00bb33&#8243;][\/vc_column][\/vc_row][vc_section][vc_row row_content_width=\u00bbgrid\u00bb][vc_column width=\u00bb1\/2&#8243;][vc_column_text]La serigraf\u00eda es uno de los m\u00e9todos de estampaci\u00f3n textil m\u00e1s antiguos del mundo, este m\u00e9todo permite utilizar un m\u00e1ximo de 6 tintas en la impresi\u00f3n[\/vc_column_text][vc_column_text]Es una t\u00e9cnica de impresi\u00f3n que permite estampar un tejido mediante el uso de tinta.[\/vc_column_text][vc_empty_space height=\u00bb23px\u00bb][\/vc_column][vc_column width=\u00bb1\/2&#8243;][\/vc_column][\/vc_row][\/vc_section][vc_section][vc_row row_content_width=\u00bbgrid\u00bb][vc_column][vc_empty_space height=\u00bb23px\u00bb][\/vc_column][\/vc_row][\/vc_section][vc_row][vc_column][vc_empty_space height=\u00bb23px\u00bb][vc_empty_space height=\u00bb23px\u00bb][\/vc_column][\/vc_row][vc_row row_content_width=\u00bbgrid\u00bb][vc_column width=\u00bb1\/3&#8243;][vc_empty_space height=\u00bb33px\u00bb][vc_empty_space height=\u00bb33px\u00bb][\/vc_column][vc_column width=\u00bb1\/3&#8243;][vc_empty_space height=\u00bb33px\u00bb][vc_empty_space [&hellip;]<\/p>\n","protected":false},"author":1,"featured_media":0,"parent":0,"menu_order":0,"comment_status":"closed","ping_status":"closed","template":"page-full-width.php","meta":{"footnotes":""},"class_list":["post-5878","page","type-page","status-publish","hentry"],"aioseo_notices":[],"_links":{"self":[{"href":"https:\/\/www.rotulosamichi.com\/index.php\/wp-json\/wp\/v2\/pages\/5878","targetHints":{"allow":["GET"]}}],"collection":[{"href":"https:\/\/www.rotulosamichi.com\/index.php\/wp-json\/wp\/v2\/pages"}],"about":[{"href":"https:\/\/www.rotulosamichi.com\/index.php\/wp-json\/wp\/v2\/types\/page"}],"author":[{"embeddable":true,"href":"https:\/\/www.rotulosamichi.com\/index.php\/wp-json\/wp\/v2\/users\/1"}],"replies":[{"embeddable":true,"href":"https:\/\/www.rotulosamichi.com\/index.php\/wp-json\/wp\/v2\/comments?post=5878"}],"version-history":[{"count":17,"href":"https:\/\/www.rotulosamichi.com\/index.php\/wp-json\/wp\/v2\/pages\/5878\/revisions"}],"predecessor-version":[{"id":6072,"href":"https:\/\/www.rotulosamichi.com\/index.php\/wp-json\/wp\/v2\/pages\/5878\/revisions\/6072"}],"wp:attachment":[{"href":"https:\/\/www.rotulosamichi.com\/index.php\/wp-json\/wp\/v2\/media?parent=5878"}],"curies":[{"name":"wp","href":"https:\/\/api.w.org\/{rel}","templated":true}]}}