{"id":5897,"date":"2023-11-06T18:19:32","date_gmt":"2023-11-06T18:19:32","guid":{"rendered":"http:\/\/www.rotulosamichi.com\/?page_id=5897"},"modified":"2023-11-10T16:15:40","modified_gmt":"2023-11-10T16:15:40","slug":"merchandising","status":"publish","type":"page","link":"https:\/\/www.rotulosamichi.com\/index.php\/merchandising\/","title":{"rendered":"Merchandising"},"content":{"rendered":"<section class=\"wpb-content-wrapper\"><p>[vc_row][vc_column]\n\t\t\t<!-- START Merchandising REVOLUTION SLIDER 6.6.12 --><p class=\"rs-p-wp-fix\"><\/p>\n\t\t\t<rs-module-wrap id=\"rev_slider_14_1_wrapper\" data-source=\"gallery\" style=\"visibility:hidden;background:#ffffff;padding:0;\">\n\t\t\t\t<rs-module id=\"rev_slider_14_1\" style=\"\" data-version=\"6.6.12\">\n\t\t\t\t\t<rs-slides style=\"overflow: hidden; position: absolute;\">\n\t\t\t\t\t\t<rs-slide style=\"position: absolute;\" data-key=\"rs-46\" data-title=\"Slide\" data-in=\"o:0;\" data-out=\"a:false;\">\n\t\t\t\t\t\t\t<img decoding=\"async\" src=\"\/\/www.rotulosamichi.com\/wp-content\/plugins\/revslider\/public\/assets\/assets\/dummy.png\" alt=\"\" title=\"bolsa_2\" width=\"2200\" height=\"1460\" class=\"rev-slidebg tp-rs-img rs-lazyload\" data-lazyload=\"\/\/www.rotulosamichi.com\/wp-content\/uploads\/2023\/11\/bolsa_2.jpg\" data-parallax=\"7\" data-no-retina>\n<!--\n\t\t\t\t\t\t\t--><rs-layer\n\t\t\t\t\t\t\t\tid=\"slider-14-slide-46-layer-3\" \n\t\t\t\t\t\t\t\tdata-type=\"text\"\n\t\t\t\t\t\t\t\tdata-color=\"#000000\"\n\t\t\t\t\t\t\t\tdata-rsp_ch=\"on\"\n\t\t\t\t\t\t\t\tdata-xy=\"y:m;yo:-46px,-45px,-10px,-36px;\"\n\t\t\t\t\t\t\t\tdata-text=\"w:normal;s:95,85,75,46;l:77,80,70,45;fw:600;a:inherit;\"\n\t\t\t\t\t\t\t\tdata-dim=\"w:498px,444px,390px,250px;h:89px,87px,75px,50px;\"\n\t\t\t\t\t\t\t\tdata-padding=\"r:4,5,5,5;b:4,5,5,5;l:4,5,5,5;\"\n\t\t\t\t\t\t\t\tdata-frame_0=\"x:175%;o:1;\"\n\t\t\t\t\t\t\t\tdata-frame_0_mask=\"u:t;x:-100%;\"\n\t\t\t\t\t\t\t\tdata-frame_1=\"e:power3.out;st:600;sp:1200;sR:600;\"\n\t\t\t\t\t\t\t\tdata-frame_1_mask=\"u:t;\"\n\t\t\t\t\t\t\t\tdata-frame_999=\"st:w;sp:1000;sR:2200;auto:true;\"\n\t\t\t\t\t\t\t\tdata-frame_999_mask=\"u:t;\"\n\t\t\t\t\t\t\t\tstyle=\"z-index:9;background-color:#ffffff;font-family:'Barlow Condensed';text-transform:uppercase;\"\n\t\t\t\t\t\t\t>se te ocurra \n\t\t\t\t\t\t\t<\/rs-layer><!--\n\n\t\t\t\t\t\t\t--><rs-layer\n\t\t\t\t\t\t\t\tid=\"slider-14-slide-46-layer-4\" \n\t\t\t\t\t\t\t\tdata-type=\"text\"\n\t\t\t\t\t\t\t\tdata-color=\"#000000\"\n\t\t\t\t\t\t\t\tdata-rsp_ch=\"on\"\n\t\t\t\t\t\t\t\tdata-xy=\"y:m;yo:-146px,-135px,-90px,-91px;\"\n\t\t\t\t\t\t\t\tdata-text=\"w:normal;s:95,85,75,46;l:90,80,70,45;fw:600;a:inherit;\"\n\t\t\t\t\t\t\t\tdata-dim=\"w:457px,415px,358px,228px;h:93px,82px,73px,48px;\"\n\t\t\t\t\t\t\t\tdata-padding=\"r:5;b:3;l:5;\"\n\t\t\t\t\t\t\t\tdata-frame_0=\"x:175%;o:1;\"\n\t\t\t\t\t\t\t\tdata-frame_0_mask=\"u:t;x:-100%;\"\n\t\t\t\t\t\t\t\tdata-frame_1=\"e:power3.out;st:400;sp:1200;sR:400;\"\n\t\t\t\t\t\t\t\tdata-frame_1_mask=\"u:t;\"\n\t\t\t\t\t\t\t\tdata-frame_999=\"st:w;sp:1000;sR:2400;auto:true;\"\n\t\t\t\t\t\t\t\tdata-frame_999_mask=\"u:t;\"\n\t\t\t\t\t\t\t\tstyle=\"z-index:8;background-color:#ffffff;font-family:'Barlow Condensed';text-transform:uppercase;\"\n\t\t\t\t\t\t\t>Todo lo que \n\t\t\t\t\t\t\t<\/rs-layer><!--\n\n\t\t\t\t\t\t\t--><rs-layer\n\t\t\t\t\t\t\t\tid=\"slider-14-slide-46-layer-5\" \n\t\t\t\t\t\t\t\tdata-type=\"text\"\n\t\t\t\t\t\t\t\tdata-color=\"#000000\"\n\t\t\t\t\t\t\t\tdata-rsp_ch=\"on\"\n\t\t\t\t\t\t\t\tdata-xy=\"xo:0,0,0,-1px;y:m;yo:56px,46px,71px,21px;\"\n\t\t\t\t\t\t\t\tdata-text=\"w:normal;s:95,85,75,50;l:90,80,70,45;fw:600;a:inherit;\"\n\t\t\t\t\t\t\t\tdata-dim=\"w:535px,481px,433px,289px;h:95px,85px,75px,50px;\"\n\t\t\t\t\t\t\t\tdata-padding=\"r:5;b:5;l:5;\"\n\t\t\t\t\t\t\t\tdata-frame_0=\"x:175%;o:1;\"\n\t\t\t\t\t\t\t\tdata-frame_0_mask=\"u:t;x:-100%;\"\n\t\t\t\t\t\t\t\tdata-frame_1=\"e:power3.out;st:750;sp:1200;sR:750;\"\n\t\t\t\t\t\t\t\tdata-frame_1_mask=\"u:t;\"\n\t\t\t\t\t\t\t\tdata-frame_999=\"st:w;sp:1000;sR:2050;auto:true;\"\n\t\t\t\t\t\t\t\tdata-frame_999_mask=\"u:t;\"\n\t\t\t\t\t\t\t\tstyle=\"z-index:10;background-color:#ffffff;font-family:'Barlow Condensed';text-transform:uppercase;\"\n\t\t\t\t\t\t\t>y mucho m\u00e1s... \n\t\t\t\t\t\t\t<\/rs-layer><!--\n\n\t\t\t\t\t\t\t--><rs-layer\n\t\t\t\t\t\t\t\tid=\"slider-14-slide-46-layer-7\" \n\t\t\t\t\t\t\t\tdata-type=\"text\"\n\t\t\t\t\t\t\t\tdata-xy=\"y:m;yo:168px,154px,173px,109px;\"\n\t\t\t\t\t\t\t\tdata-text=\"l:22;a:inherit;\"\n\t\t\t\t\t\t\t\tdata-rsp_o=\"off\"\n\t\t\t\t\t\t\t\tdata-rsp_bd=\"off\"\n\t\t\t\t\t\t\t\tdata-frame_0=\"x:175%;o:1;\"\n\t\t\t\t\t\t\t\tdata-frame_0_mask=\"u:t;x:-100%;\"\n\t\t\t\t\t\t\t\tdata-frame_1=\"e:power3.out;st:900;sp:1200;sR:900;\"\n\t\t\t\t\t\t\t\tdata-frame_1_mask=\"u:t;\"\n\t\t\t\t\t\t\t\tdata-frame_999=\"st:w;sp:1000;sR:1900;auto:true;\"\n\t\t\t\t\t\t\t\tdata-frame_999_mask=\"u:t;\"\n\t\t\t\t\t\t\t\tstyle=\"z-index:11;font-family:'Roboto';\"\n\t\t\t\t\t\t\t><a class=\"qodef-shortcode qodef-m  qodef-button qodef-layout--filled \" href=\"mailto:amichi@amichiserigrafia.com\" target=\"_self\"  >\n\t<span class=\"qodef-m-text\">Contacto_<\/span>\n<\/a> \n\t\t\t\t\t\t\t<\/rs-layer><!--\n-->\t\t\t\t\t\t<\/rs-slide>\n\t\t\t\t\t<\/rs-slides>\n\t\t\t\t<\/rs-module>\n\t\t\t\t<script>\n\t\t\t\t\tsetREVStartSize({c: 'rev_slider_14_1',rl:[1240,1024,778,480],el:[750,600,600,500],gw:[1100,1100,600,300],gh:[750,600,600,500],type:'standard',justify:'',layout:'fullscreen',offsetContainer:'',offset:'',mh:\"0\"});if (window.RS_MODULES!==undefined && window.RS_MODULES.modules!==undefined && window.RS_MODULES.modules[\"revslider141\"]!==undefined) {window.RS_MODULES.modules[\"revslider141\"].once = false;window.revapi14 = undefined;if (window.RS_MODULES.checkMinimal!==undefined) window.RS_MODULES.checkMinimal()}\n\t\t\t\t<\/script>\n\t\t\t<\/rs-module-wrap>\n\t\t\t<!-- END REVOLUTION SLIDER -->\n[\/vc_column][\/vc_row][vc_row][vc_column][vc_empty_space height=\u00bb33&#8243;][\/vc_column][\/vc_row][vc_section][vc_row row_content_width=\u00bbgrid\u00bb][vc_column width=\u00bb1\/2&#8243;]<div class=\"qodef-shortcode qodef-m  qodef-section-title qodef-alignment--left qodef-title-break--disabled\">\n\t\t<h4 class=\"qodef-m-title\" >\n\t\t\t\t\tMerchandising personalizado_\t\t\t<\/h4>\n\t<\/div>[vc_column_text]Las ventajas de la serigraf\u00eda en complementos es que permite <strong>personalizar cualquier tipo de material en cualquier soporte<\/strong>.[\/vc_column_text][vc_column_text]En AMICHI hacemos que tu imagen de marca sea visualmente atractiva gracias a la personalizaci\u00f3n de merchandising para empresas.[\/vc_column_text][vc_empty_space height=\u00bb23px\u00bb][\/vc_column][vc_column width=\u00bb1\/2&#8243;]<div class=\"qodef-shortcode qodef-m  qodef-accordion clear qodef-behavior--accordion qodef-layout--simple\">\n\t<h4 class=\"qodef-accordion-title\">\n\t<span class=\"qodef-tab-title\">\n\t\tGran variedad de productos\t<\/span>\n\t<span class=\"qodef-accordion-mark\">\n\t\t<span class=\"qodef-icon--plus\">+<\/span>\n\t\t<span class=\"qodef-icon--minus\">-<\/span>\n\t<\/span>\n<\/h4>\n<div class=\"qodef-accordion-content\">\n\t<div class=\"qodef-accordion-content-inner\">\n\t\t[vc_column_text]<span class=\"ILfuVd\" lang=\"es\"><span class=\"hgKElc\">Disponemos de un cat\u00e1logo muy amplio de productos para publicitar tu empresa, Bol\u00edgrafos, Mecheros, Carpetas, Agendas, Lanyards, Gorras, Bolsas, Delantales y mucho m\u00e1s&#8230;<br \/>\n<\/span><\/span>[\/vc_column_text]\t<\/div>\n<\/div><h4 class=\"qodef-accordion-title\">\n\t<span class=\"qodef-tab-title\">\n\t\tConsolida tu marca\t<\/span>\n\t<span class=\"qodef-accordion-mark\">\n\t\t<span class=\"qodef-icon--plus\">+<\/span>\n\t\t<span class=\"qodef-icon--minus\">-<\/span>\n\t<\/span>\n<\/h4>\n<div class=\"qodef-accordion-content\">\n\t<div class=\"qodef-accordion-content-inner\">\n\t\t[vc_column_text]El merchandising es un<strong> gran aliado para darte a conocer<\/strong> y establecer una identidad de marca definida.[\/vc_column_text]\t<\/div>\n<\/div><h4 class=\"qodef-accordion-title\">\n\t<span class=\"qodef-tab-title\">\n\t\tAsesoramiento\t<\/span>\n\t<span class=\"qodef-accordion-mark\">\n\t\t<span class=\"qodef-icon--plus\">+<\/span>\n\t\t<span class=\"qodef-icon--minus\">-<\/span>\n\t<\/span>\n<\/h4>\n<div class=\"qodef-accordion-content\">\n\t<div class=\"qodef-accordion-content-inner\">\n\t\t[vc_column_text]<span class=\"ILfuVd\" lang=\"es\"><span class=\"hgKElc\">Si lo que buscas es personalizar tu imagen coorporativa en distintos materiales, nosotros podemos ayudarte.<br \/>\n<\/span><\/span>[\/vc_column_text]\t<\/div>\n<\/div><\/div>[\/vc_column][\/vc_row][\/vc_section][vc_section][vc_row row_content_width=\u00bbgrid\u00bb][vc_column][vc_empty_space height=\u00bb23px\u00bb][\/vc_column][\/vc_row][\/vc_section][vc_row][vc_column][vc_empty_space height=\u00bb23px\u00bb]<div class=\"qodef-frame-slider-holder swiper-container-horizontal\">\n\n    <div class=\"qodef-frame-slider-image\">\n        <img decoding=\"async\" src=\"https:\/\/www.rotulosamichi.com\/wp-content\/plugins\/boldlab-core\/inc\/shortcodes\/frame-slider\/assets\/img\/frame-slider.png\"\n             alt=\"Frame slider phone\">\n    <\/div>\n\n    <div class=\"qodef-m-items\">\n        <div class=\"qodef-m-swiper\">\n            <div class=\"swiper-wrapper\">\n\n\t\t\t\t\n\t\t\t\t\t\n                    <div class=\"qodef-m-item swiper-slide\">\n\t\t\t\t\t\t\n\t\t\t\t\t\t<img loading=\"lazy\" decoding=\"async\" width=\"2200\" height=\"1460\" src=\"https:\/\/www.rotulosamichi.com\/wp-content\/uploads\/2023\/11\/taza.jpg\" class=\"attachment-full size-full\" alt=\"\" srcset=\"https:\/\/www.rotulosamichi.com\/wp-content\/uploads\/2023\/11\/taza.jpg 2200w, https:\/\/www.rotulosamichi.com\/wp-content\/uploads\/2023\/11\/taza-300x199.jpg 300w, https:\/\/www.rotulosamichi.com\/wp-content\/uploads\/2023\/11\/taza-1024x680.jpg 1024w, https:\/\/www.rotulosamichi.com\/wp-content\/uploads\/2023\/11\/taza-768x510.jpg 768w, https:\/\/www.rotulosamichi.com\/wp-content\/uploads\/2023\/11\/taza-1536x1019.jpg 1536w, https:\/\/www.rotulosamichi.com\/wp-content\/uploads\/2023\/11\/taza-2048x1359.jpg 2048w\" sizes=\"auto, (max-width: 2200px) 100vw, 2200px\" \/>\n\t\t\t\t\t\t\n                    <\/div>\n\n\t\t\t\t\n\t\t\t\t\t\n                    <div class=\"qodef-m-item swiper-slide\">\n\t\t\t\t\t\t\n\t\t\t\t\t\t<img loading=\"lazy\" decoding=\"async\" width=\"2200\" height=\"1460\" src=\"https:\/\/www.rotulosamichi.com\/wp-content\/uploads\/2023\/11\/bolis.jpg\" class=\"attachment-full size-full\" alt=\"\" srcset=\"https:\/\/www.rotulosamichi.com\/wp-content\/uploads\/2023\/11\/bolis.jpg 2200w, https:\/\/www.rotulosamichi.com\/wp-content\/uploads\/2023\/11\/bolis-300x199.jpg 300w, https:\/\/www.rotulosamichi.com\/wp-content\/uploads\/2023\/11\/bolis-1024x680.jpg 1024w, https:\/\/www.rotulosamichi.com\/wp-content\/uploads\/2023\/11\/bolis-768x510.jpg 768w, https:\/\/www.rotulosamichi.com\/wp-content\/uploads\/2023\/11\/bolis-1536x1019.jpg 1536w, https:\/\/www.rotulosamichi.com\/wp-content\/uploads\/2023\/11\/bolis-2048x1359.jpg 2048w\" sizes=\"auto, (max-width: 2200px) 100vw, 2200px\" \/>\n\t\t\t\t\t\t\n                    <\/div>\n\n\t\t\t\t\n\t\t\t\t\t\n                    <div class=\"qodef-m-item swiper-slide\">\n\t\t\t\t\t\t\n\t\t\t\t\t\t<img loading=\"lazy\" decoding=\"async\" width=\"2200\" height=\"1460\" src=\"https:\/\/www.rotulosamichi.com\/wp-content\/uploads\/2023\/11\/bolsa_2-1.jpg\" class=\"attachment-full size-full\" alt=\"\" srcset=\"https:\/\/www.rotulosamichi.com\/wp-content\/uploads\/2023\/11\/bolsa_2-1.jpg 2200w, https:\/\/www.rotulosamichi.com\/wp-content\/uploads\/2023\/11\/bolsa_2-1-300x199.jpg 300w, https:\/\/www.rotulosamichi.com\/wp-content\/uploads\/2023\/11\/bolsa_2-1-1024x680.jpg 1024w, https:\/\/www.rotulosamichi.com\/wp-content\/uploads\/2023\/11\/bolsa_2-1-768x510.jpg 768w, https:\/\/www.rotulosamichi.com\/wp-content\/uploads\/2023\/11\/bolsa_2-1-1536x1019.jpg 1536w, https:\/\/www.rotulosamichi.com\/wp-content\/uploads\/2023\/11\/bolsa_2-1-2048x1359.jpg 2048w\" sizes=\"auto, (max-width: 2200px) 100vw, 2200px\" \/>\n\t\t\t\t\t\t\n                    <\/div>\n\n\t\t\t\t\n\t\t\t\t\t\n                    <div class=\"qodef-m-item swiper-slide\">\n\t\t\t\t\t\t\n\t\t\t\t\t\t<img loading=\"lazy\" decoding=\"async\" width=\"2200\" height=\"1460\" src=\"https:\/\/www.rotulosamichi.com\/wp-content\/uploads\/2023\/11\/Lanyard.jpg\" class=\"attachment-full size-full\" alt=\"\" srcset=\"https:\/\/www.rotulosamichi.com\/wp-content\/uploads\/2023\/11\/Lanyard.jpg 2200w, https:\/\/www.rotulosamichi.com\/wp-content\/uploads\/2023\/11\/Lanyard-300x199.jpg 300w, https:\/\/www.rotulosamichi.com\/wp-content\/uploads\/2023\/11\/Lanyard-1024x680.jpg 1024w, https:\/\/www.rotulosamichi.com\/wp-content\/uploads\/2023\/11\/Lanyard-768x510.jpg 768w, https:\/\/www.rotulosamichi.com\/wp-content\/uploads\/2023\/11\/Lanyard-1536x1019.jpg 1536w, https:\/\/www.rotulosamichi.com\/wp-content\/uploads\/2023\/11\/Lanyard-2048x1359.jpg 2048w\" sizes=\"auto, (max-width: 2200px) 100vw, 2200px\" \/>\n\t\t\t\t\t\t\n                    <\/div>\n\n\t\t\t\t\n\t\t\t\t\t\n                    <div class=\"qodef-m-item swiper-slide\">\n\t\t\t\t\t\t\n\t\t\t\t\t\t<img loading=\"lazy\" decoding=\"async\" width=\"2200\" height=\"1460\" src=\"https:\/\/www.rotulosamichi.com\/wp-content\/uploads\/2023\/11\/merchandising_1.jpg\" class=\"attachment-full size-full\" alt=\"\" srcset=\"https:\/\/www.rotulosamichi.com\/wp-content\/uploads\/2023\/11\/merchandising_1.jpg 2200w, https:\/\/www.rotulosamichi.com\/wp-content\/uploads\/2023\/11\/merchandising_1-300x199.jpg 300w, https:\/\/www.rotulosamichi.com\/wp-content\/uploads\/2023\/11\/merchandising_1-1024x680.jpg 1024w, https:\/\/www.rotulosamichi.com\/wp-content\/uploads\/2023\/11\/merchandising_1-768x510.jpg 768w, https:\/\/www.rotulosamichi.com\/wp-content\/uploads\/2023\/11\/merchandising_1-1536x1019.jpg 1536w, https:\/\/www.rotulosamichi.com\/wp-content\/uploads\/2023\/11\/merchandising_1-2048x1359.jpg 2048w\" sizes=\"auto, (max-width: 2200px) 100vw, 2200px\" \/>\n\t\t\t\t\t\t\n                    <\/div>\n\n\t\t\t\t\n            <\/div><!-- .swiper-wrapper -->\n        <\/div><!-- .qodef-m-swiper -->\n    <\/div><!-- .qodef-m-items -->\n\n    <div class=\"swiper-pagination\"><\/div>\n\n<\/div>\n[vc_empty_space height=\u00bb23px\u00bb][\/vc_column][\/vc_row][vc_row row_content_width=\u00bbgrid\u00bb][vc_column width=\u00bb1\/3&#8243;][vc_empty_space height=\u00bb33px\u00bb]<div class=\"qodef-shortcode qodef-m  qodef-icon-with-text qodef-layout--top qodef--custom-icon qodef--icon-animation qodef--loading-animation qodef-alignment--center\">\n\t<div class=\"qodef-m-icon-wrapper\">\n\t\t\t\t\t<img loading=\"lazy\" decoding=\"async\" width=\"87\" height=\"101\" src=\"https:\/\/www.rotulosamichi.com\/wp-content\/uploads\/2018\/11\/h1-custom-icon-1.png\" class=\"attachment-full size-full\" alt=\"d\" \/>\t\t<\/div>\n\t<div class=\"qodef-m-content\">\n\t\t\t<h4 class=\"qodef-m-title\" >\n\t\t\t\t\t<span class=\"qodef-m-title-text\">calidad<\/span>\n\t\t\t<\/h4>\n\t\t\t<p class=\"qodef-m-text\" >Trabajamos siempre con los mejores materiales garantizando un perfecto acabado.<\/p>\n\t<\/div>\n<\/div>[vc_empty_space height=\u00bb33px\u00bb][\/vc_column][vc_column width=\u00bb1\/3&#8243;][vc_empty_space height=\u00bb33px\u00bb]<div class=\"qodef-shortcode qodef-m  qodef-icon-with-text qodef-layout--top qodef--custom-icon qodef--icon-animation qodef--loading-animation qodef-alignment--center\">\n\t<div class=\"qodef-m-icon-wrapper\">\n\t\t\t\t\t<img loading=\"lazy\" decoding=\"async\" width=\"95\" height=\"101\" src=\"https:\/\/www.rotulosamichi.com\/wp-content\/uploads\/2018\/11\/h1-custom-icon-4.png\" class=\"attachment-full size-full\" alt=\"s\" \/>\t\t<\/div>\n\t<div class=\"qodef-m-content\">\n\t\t\t<h4 class=\"qodef-m-title\" >\n\t\t\t\t\t<span class=\"qodef-m-title-text\">Stock<\/span>\n\t\t\t<\/h4>\n\t\t\t<p class=\"qodef-m-text\" >Nuestro amplio cat\u00e1logo de productos nos permite ofrecer cortos plazos de entrega.<\/p>\n\t<\/div>\n<\/div>[vc_empty_space height=\u00bb33px\u00bb][\/vc_column][vc_column width=\u00bb1\/3&#8243;][vc_empty_space height=\u00bb33px\u00bb]<div class=\"qodef-shortcode qodef-m  qodef-icon-with-text qodef-layout--top qodef--custom-icon qodef--icon-animation qodef--loading-animation qodef-alignment--center\">\n\t<div class=\"qodef-m-icon-wrapper\">\n\t\t\t\t\t<img loading=\"lazy\" decoding=\"async\" width=\"107\" height=\"101\" src=\"https:\/\/www.rotulosamichi.com\/wp-content\/uploads\/2018\/11\/h1-custom-icon-3.png\" class=\"attachment-full size-full\" alt=\";\" \/>\t\t<\/div>\n\t<div class=\"qodef-m-content\">\n\t\t\t<h4 class=\"qodef-m-title\" style=\"color: #000000\">\n\t\t\t\t\t<span class=\"qodef-m-title-text\">Producci\u00f3n<\/span>\n\t\t\t<\/h4>\n\t\t\t<p class=\"qodef-m-text\" >No importa la cantidad del pedido, tenemos la maquinaria y los materiales para hacerlo.<\/p>\n\t<\/div>\n<\/div>[vc_empty_space height=\u00bb33px\u00bb][\/vc_column][\/vc_row]<\/p>\n<\/section>","protected":false},"excerpt":{"rendered":"<p>[vc_row][vc_column][\/vc_column][\/vc_row][vc_row][vc_column][vc_empty_space height=\u00bb33&#8243;][\/vc_column][\/vc_row][vc_section][vc_row row_content_width=\u00bbgrid\u00bb][vc_column width=\u00bb1\/2&#8243;][vc_column_text]Las ventajas de la serigraf\u00eda en complementos es que permite personalizar cualquier tipo de material en cualquier soporte.[\/vc_column_text][vc_column_text]En AMICHI hacemos que tu imagen de marca sea visualmente atractiva gracias a la personalizaci\u00f3n de merchandising para empresas.[\/vc_column_text][vc_empty_space height=\u00bb23px\u00bb][\/vc_column][vc_column width=\u00bb1\/2&#8243;][\/vc_column][\/vc_row][\/vc_section][vc_section][vc_row row_content_width=\u00bbgrid\u00bb][vc_column][vc_empty_space height=\u00bb23px\u00bb][\/vc_column][\/vc_row][\/vc_section][vc_row][vc_column][vc_empty_space height=\u00bb23px\u00bb][vc_empty_space height=\u00bb23px\u00bb][\/vc_column][\/vc_row][vc_row row_content_width=\u00bbgrid\u00bb][vc_column width=\u00bb1\/3&#8243;][vc_empty_space height=\u00bb33px\u00bb][vc_empty_space height=\u00bb33px\u00bb][\/vc_column][vc_column width=\u00bb1\/3&#8243;][vc_empty_space height=\u00bb33px\u00bb][vc_empty_space height=\u00bb33px\u00bb][\/vc_column][vc_column width=\u00bb1\/3&#8243;][vc_empty_space height=\u00bb33px\u00bb][vc_empty_space height=\u00bb33px\u00bb][\/vc_column][\/vc_row]<\/p>\n","protected":false},"author":1,"featured_media":0,"parent":0,"menu_order":0,"comment_status":"closed","ping_status":"closed","template":"page-full-width.php","meta":{"footnotes":""},"class_list":["post-5897","page","type-page","status-publish","hentry"],"aioseo_notices":[],"_links":{"self":[{"href":"https:\/\/www.rotulosamichi.com\/index.php\/wp-json\/wp\/v2\/pages\/5897","targetHints":{"allow":["GET"]}}],"collection":[{"href":"https:\/\/www.rotulosamichi.com\/index.php\/wp-json\/wp\/v2\/pages"}],"about":[{"href":"https:\/\/www.rotulosamichi.com\/index.php\/wp-json\/wp\/v2\/types\/page"}],"author":[{"embeddable":true,"href":"https:\/\/www.rotulosamichi.com\/index.php\/wp-json\/wp\/v2\/users\/1"}],"replies":[{"embeddable":true,"href":"https:\/\/www.rotulosamichi.com\/index.php\/wp-json\/wp\/v2\/comments?post=5897"}],"version-history":[{"count":17,"href":"https:\/\/www.rotulosamichi.com\/index.php\/wp-json\/wp\/v2\/pages\/5897\/revisions"}],"predecessor-version":[{"id":5945,"href":"https:\/\/www.rotulosamichi.com\/index.php\/wp-json\/wp\/v2\/pages\/5897\/revisions\/5945"}],"wp:attachment":[{"href":"https:\/\/www.rotulosamichi.com\/index.php\/wp-json\/wp\/v2\/media?parent=5897"}],"curies":[{"name":"wp","href":"https:\/\/api.w.org\/{rel}","templated":true}]}}