{"id":6038,"date":"2023-11-17T09:41:34","date_gmt":"2023-11-17T09:41:34","guid":{"rendered":"http:\/\/www.rotulosamichi.com\/?page_id=6038"},"modified":"2023-11-17T09:55:34","modified_gmt":"2023-11-17T09:55:34","slug":"politica-de-cookies","status":"publish","type":"page","link":"https:\/\/www.rotulosamichi.com\/index.php\/politica-de-cookies\/","title":{"rendered":"Pol\u00edtica de Cookies"},"content":{"rendered":"<section class=\"wpb-content-wrapper\"><p>[vc_row][vc_column][vc_empty_space height=\u00bb150px\u00bb][\/vc_column][\/vc_row][vc_row][vc_column][vc_column_text]<\/p>\n<h2><strong>Pol\u00edtica de Cookies de AMICHI SERIGRAF\u00cdA S.L.<\/strong><\/h2>\n<p>El dominio www.amichiserigrafia.com utiliza procedimientos autom\u00e1ticos de recogida (Cookies) para reunir informaci\u00f3n personal como puede ser el tipo de navegador o sistema operativo, p\u00e1gina de referencia, ruta, dominio ISP (Proveedor de Internet), etc. todo ello con el fin de mejorar los servicios prestados. Las Cookies nos ayudan a adaptar \u00e9sta p\u00e1gina web a sus necesidades personales.<\/p>\n<p>Una \u00abCookie\u00bb es un peque\u00f1o archivo que se almacena en el ordenador del usuario y nos permite reconocerle. El conjunto de \u00abcookies\u00bb nos ayuda a mejorar la calidad de nuestra web, permiti\u00e9ndonos as\u00ed personalizar hasta cierto punto la navegaci\u00f3n de cada usuario por nuestra web. Las cookies actualmente son esenciales para el funcionamiento de internet, aportando innumerables ventajas en la prestaci\u00f3n de servicios interactivos, facilit\u00e1ndole la navegaci\u00f3n y usabilidad de nuestra web.<\/p>\n<p>Tenga en cuenta que las cookies no pueden da\u00f1ar su equipo y que, a cambio, el que est\u00e9n activadas nos ayudan a identificar y resolver los errores y mejorar la navegabilidad de nuestro sitio.<\/p>\n<p><strong><br \/>\nTipolog\u00eda de cookies:<\/strong><\/p>\n<p>Para una mayor informaci\u00f3n del usuario sobre la tipolog\u00eda y uso de las cookies le informamos que:<\/p>\n<p>2. Desde el punto de vista de <strong>\u2018tiempo de vida\u2019 de la cookie<\/strong> (tiempo que la cookie permanece activa en nuestro equipo) podemos diferenciar las cookies entre:<\/p>\n<p><strong>a. Cookies de sesi\u00f3n<\/strong>: son cookies temporales que permanecen en el archivo de cookies de su navegador hasta que abandone la p\u00e1gina web, por lo que ninguna queda registrada en el disco duro del usuario. La informaci\u00f3n obtenida por medio de estas cookies, sirven para analizar pautas de tr\u00e1fico en la web. A la larga, esto nos permite proporcionar una mejor experiencia para mejorar el contenido y facilitando su uso.<\/p>\n<p><strong>\u00a0 \u00a0 b. Cookies permanentes:<\/strong> son almacenadas en el disco duro y nuestra web las lee cada vez que usted realiza una nueva visita. Una cookie permanente posee una fecha de expiraci\u00f3n determinada. La cookie dejar\u00e1 de funcionar despu\u00e9s de esa fecha. Las utilizamos, generalmente, para facilitar los servicios de compra y registro.<\/p>\n<p>&nbsp;<\/p>\n<p>3. Desde el punto de vista del<strong> uso de cada cookie<\/strong>, podemos diferenciar entre:<\/p>\n<p><strong>\u00a0 \u00a0 a. Cookies Requeridas<\/strong>: son las cookies estrictamente necesarias como por ejemplo, aquellas que sirvan para una correcta navegaci\u00f3n o las que permitan realizar el pago de bienes o servicios solicitados por el usuario o cookies que sirvan para asegurar que el contenido de la p\u00e1gina web se carga eficazmente.<\/p>\n<p><strong>\u00a0<\/strong><\/p>\n<p>Dentro de la categor\u00eda de cookies Requeridas se pueden encontrar tambi\u00e9n cookies con las siguientes finalidades:<\/p>\n<ul>\n<li>\u00a0\u00a0\u00a0\u00a0\u00a0\u00a0\u00a0\u00a0 Permitir \u00fanicamente la comunicaci\u00f3n entre el equipo del usuario y la red.<\/li>\n<li>\u00a0\u00a0\u00a0\u00a0\u00a0\u00a0\u00a0\u00a0 Estrictamente prestar un servicio expresamente solicitado por el usuario.<\/li>\n<\/ul>\n<p>En estos dos casos le informamos que no se requiere la informaci\u00f3n y el consentimiento del usuario para la instalaci\u00f3n de las referidas cookies. En concreto, seg\u00fan el Grupo de Trabajo de Expertos de la UE, en el Art\u00edculo 29 de su Dictamen 4\/20123 ha interpretado que entre las cookies exceptuadas estar\u00edan aquellas que tienen por finalidad:<\/p>\n<p>\u00fc\u00a0 Cookies de \u201centrada del usuario\u201d<\/p>\n<p>\u00fc\u00a0 Cookies de autenticaci\u00f3n o identificaci\u00f3n de usuario (\u00fanicamente de sesi\u00f3n)<\/p>\n<p>\u00fc\u00a0 Cookies de seguridad del usuario<\/p>\n<p>\u00fc\u00a0 Cookies de sesi\u00f3n de reproductor multimedia<\/p>\n<p>\u00fc\u00a0 Cookies de sesi\u00f3n para equilibrar la carga<\/p>\n<p>\u00fc\u00a0 Cookies de personalizaci\u00f3n de la interfaz de usuario<\/p>\n<p>\u00fc\u00a0 Cookies de complemento (plug-in) para intercambiar contenidos sociales<\/p>\n<p><strong><br \/>\nPara todo el resto de cookies Requeridas no incluidas en los anteriores supuestos requerir\u00e1n la informaci\u00f3n previa y el consentimiento del usuario.<\/strong><\/p>\n<p>&nbsp;<\/p>\n<p><strong>\u00a0 \u00a0 b. Cookies Funcionales (anal\u00edticas)<\/strong>: son cookies que nos permiten analizar el uso del Sitio web, de manera que podamos medir y mejorar el funcionamiento.<\/p>\n<p><strong>\u00a0 \u00a0 c. C<\/strong><strong>ookies de Publicidad y de Terceros<\/strong>: son las cookies usadas por redes sociales, o por complementos externos de contenido como google maps como tambi\u00e9n cookies de empresas publicitarias para publicar anuncios relevantes para sus intereses.<\/p>\n<p>AMICHI SERIGRAFIA, S. L. guarda toda la informaci\u00f3n recogida a trav\u00e9s de las Cookies en un formato no personalizado (direcci\u00f3n de IP). Este tipo de informaci\u00f3n obtenida a trav\u00e9s de las Cookies no ser\u00e1 revelada fuera de AMICHI SERIGRAFIA, S. L., ni utilizada para comunicaciones no solicitadas.<\/p>\n<p><strong>Privacidad adecuada\u2013 Gesti\u00f3n de cookies:<\/strong><\/p>\n<p>En caso que el usuario lo quisiera, \u00a0el registro de las cookies podr\u00e1 estar sujeto a su aceptaci\u00f3n durante la instalaci\u00f3n o puesta al d\u00eda del navegador usado. El usuario \u00a0puede en todo momento revocar su aceptaci\u00f3n mediante las opciones de configuraci\u00f3n de contenidos y privacidad disponibles en cada navegador. No obstante, en caso que el usuario no permita la instalaci\u00f3n de cookies en su navegador es posible que no pueda acceder a alguna de las secciones de nuestro sitio web.<\/p>\n<p>Para m\u00e1s informaci\u00f3n sobre la configuraci\u00f3n apropiada de las cookies y las opciones de activaci\u00f3n, restricci\u00f3n y\/o inhabilitaci\u00f3n se debe acudir en \u00a0la secci\u00f3n de ayuda de su navegador para conocer m\u00e1s:<\/p>\n<p>\u00fc\u00a0 M\u00e1s informaci\u00f3n sobre como bloquear el uso de las cookies en <a href=\"https:\/\/support.google.com\/chrome\/answer\/95647?hl=es\">Google Chrome<\/a><\/p>\n<p>\u00fc\u00a0 M\u00e1s informaci\u00f3n sobre como bloquear el uso de las cookies en <a href=\"http:\/\/support.mozilla.org\/es\/kb\/habilitar-y-deshabilitar-cookies-que-los-sitios-we?esab=a&amp;s=cookies&amp;r=7&amp;as=s\">Firefox<\/a><\/p>\n<p>\u00fc\u00a0 M\u00e1s informaci\u00f3n sobre como bloquear el uso de las cookies en <a href=\"http:\/\/windows.microsoft.com\/es-es\/windows7\/how-to-manage-cookies-in-internet-explorer-9\">Internet Explorer<\/a><\/p>\n<p>\u00fc\u00a0 M\u00e1s informaci\u00f3n sobre como bloquear el uso de las cookies en <a href=\"http:\/\/support.apple.com\/kb\/HT1677?viewlocale=es_ES\">Safari<\/a><\/p>\n<p>\u00fc\u00a0 M\u00e1s informaci\u00f3n sobre como bloquear el uso de las cookies en <a href=\"http:\/\/docs.blackberry.com\/en\/smartphone_users\/deliverables\/32004\/Turn_off_cookies_in_the_browser_60_1072866_11.jsp\">Blackberry<\/a><\/p>\n<p>\u00fc\u00a0 M\u00e1s informaci\u00f3n sobre como bloquear el uso de las cookies en <a href=\"http:\/\/www.windowsphone.com\/en-us\/how-to\/wp7\/web\/changing-privacy-and-other-browser-settings\">WindowsPhone<\/a><\/p>\n<p>&nbsp;<\/p>\n<p>Muchos navegadores permiten activar un modo privado mediante el cual las cookies se borran siempre despu\u00e9s de su visita. Dependiendo de cada navegador este modo privado, puede tener diferentes nombres. A continuaci\u00f3n encontrar\u00e1 una lista de los navegadores m\u00e1s comunes y los diferentes nombres de este \u201cmodo privado\u201d:<\/p>\n<ul>\n<li>\u00a0\u00a0\u00a0\u00a0\u00a0\u00a0\u00a0\u00a0 Internet Explorer 8 y superior; InPrivate<\/li>\n<li>\u00a0\u00a0\u00a0\u00a0\u00a0\u00a0\u00a0\u00a0 Safari 2 y superior; Navegaci\u00f3n Privada<\/li>\n<li>\u00a0\u00a0\u00a0\u00a0\u00a0\u00a0\u00a0\u00a0 Opera 10.5 y superior; Navegaci\u00f3n Privada<\/li>\n<li>\u00a0\u00a0\u00a0\u00a0\u00a0\u00a0\u00a0\u00a0 FireFox 3.5 y superior; Navegaci\u00f3n Privada<\/li>\n<li>\u00a0\u00a0\u00a0\u00a0\u00a0\u00a0\u00a0\u00a0 Google Chrome 10 y superior; Inc\u00f3gnito<\/li>\n<\/ul>\n<p><strong>Relaci\u00f3n y descripci\u00f3n de cookies:<\/strong><\/p>\n<p>Esta p\u00e1gina web utiliza las cookies para una serie de finalidades, incluidas:<\/p>\n<p>\u2022 An\u00e1lisis: son aquellas cookies que bien, tratadas por nosotros o por terceros, nos permiten cuantificar el n\u00famero de usuarios y as\u00ed realizar la medici\u00f3n y an\u00e1lisis estad\u00edstico de la utilizaci\u00f3n que hacen los usuarios del servicio. Para ello se analiza su navegaci\u00f3n en nuestra p\u00e1gina web con el fin de mejorar la experiencia del usuario.<\/p>\n<p>\u2022 [Otras finalidades]<\/p>\n<p>El detalle de las cookies utilizadas en esta p\u00e1gina web es el siguiente: Google Analytics:<br \/>\n__utma<br \/>\n__utmb<br \/>\n__utmc<br \/>\n__utmz<\/p>\n<p>Se utilizan para recoger informaci\u00f3n sobre la navegaci\u00f3n de los usuarios por el sitio con el fin de conocer el origen de las visitas y otros datos similares a nivel estad\u00edstico. No obtiene datos de los nombres o apellidos de los usuarios ni de la direcci\u00f3n postal concreta desde donde se conectan. Google analytics.<\/p>\n<p><strong>Google Adwords:<\/strong><br \/>\nLa cookie que se a\u00f1ade al equipo de un usuario cuando este ve un anuncio o hace clic en \u00e9l caduca a los 30 d\u00edas. Esta medida y el hecho de que Google utiliza servidores distintos para el seguimiento de conversiones y para los resultados de las b\u00fasquedas, protege la privacidad del usuario.<br \/>\nLos usuarios que no deseen participar en actividades de seguimiento simplemente pueden no aceptar esta cookie bloqueando las cookies en las preferencias de usuario del navegador de Internet. Centro de privacidad de Google.<\/p>\n<p><strong>Herramienta de remarketing de Google Adwords:<\/strong><br \/>\nEsta herramienta permite publicar en la Red de contenido de Google anuncios basados en visitas anteriores de usuarios a nuestra web. Para conseguirlo, algunas de las p\u00e1ginas de nuestro sitio web incluyen un c\u00f3digo o etiqueta de remarketing que configuran las cookies para determinar el tipo de anuncio que se mostrar\u00e1 al usuario seg\u00fan la navegaci\u00f3n que haya realizado por el sitio web. Las listas de remarketing se guardan en una base de datos de los servidores de Google, donde se almacenan todos los ID de cookie asociados a cada lista o categor\u00eda de interes. Respecto a las cookies de remarketing, el usuario puede inhabilitar el uso de cookies de Google, visitando la p\u00e1gina de inhabilitaci\u00f3n de publicidad de Google. Centro de privacidad de Google.<\/p>\n<p>Nota: Las cookies de tipo \u201cPropias\u201d son utilizadas s\u00f3lo por el propietario de esta web y las cookies \u201cDe terceros\u201d son utilizadas, tambi\u00e9n, por el prestador del servicio que est\u00e1 detallado en el cuadro anterior.<\/p>\n<p><strong>\u00bfC\u00f3mo puedo desactivar o eliminar estas cookies?<\/strong><br \/>\nPuede usted permitir, bloquear o eliminar las cookies instaladas en su equipo mediante la configuraci\u00f3n de las opciones del navegador instalado en su ordenador.<br \/>\n\u2022 Firefox: http:\/\/support.mozilla.org\/es\/kb\/habilitar-y-deshabilitar-cookies-que-los-sitios-we<br \/>\n\u2022 Chrome: http:\/\/support.google.com\/chrome\/bin\/answer.py?hl=es&amp;answer=95647<br \/>\n\u2022 Explorer: http:\/\/windows.microsoft.com\/es-es\/windows7\/how-to-manage-cookies-in-internet-explorer-9<br \/>\n\u2022 Safari: http:\/\/support.apple.com\/kb\/ph5042<br \/>\n\u2022 Opera: http:\/\/help.opera.com\/Windows\/11.50\/es-ES\/cookies.html<br \/>\n\u2022 Otros navegadores: consulte la documentaci\u00f3n del navegador que tenga instalado.<\/p>\n<p>Para m\u00e1s informaci\u00f3n sobre cookies y sus derechos como usuario puede consultar la Gu\u00eda sobre el uso de cookies elaborada por la Agencia Espa\u00f1ola de Protecci\u00f3n de Datos:<\/p>\n<p><a href=\"https:\/\/www.agpd.es\/portalwebAGPD\/canaldocumentacion\/publicaciones\/common\/Guias\/Guia_Cookies.pdf\">https:\/\/www.agpd.es\/portalwebAGPD\/canaldocumentacion\/publicaciones\/common\/Guias\/Guia_Cookies.pdf<\/a><\/p>\n<p>[\/vc_column_text][\/vc_column][\/vc_row][vc_row][vc_column][vc_empty_space height=\u00bb50px\u00bb][\/vc_column][\/vc_row]<\/p>\n<\/section>","protected":false},"excerpt":{"rendered":"<p>[vc_row][vc_column][vc_empty_space height=\u00bb150px\u00bb][\/vc_column][\/vc_row][vc_row][vc_column][vc_column_text] Pol\u00edtica de Cookies de AMICHI SERIGRAF\u00cdA S.L. El dominio www.amichiserigrafia.com utiliza procedimientos autom\u00e1ticos de recogida (Cookies) para reunir informaci\u00f3n personal como puede ser el tipo de navegador o sistema operativo, p\u00e1gina de referencia, ruta, dominio ISP (Proveedor de Internet), etc. todo ello con el fin de mejorar los servicios prestados. Las Cookies nos [&hellip;]<\/p>\n","protected":false},"author":1,"featured_media":0,"parent":0,"menu_order":0,"comment_status":"closed","ping_status":"closed","template":"","meta":{"footnotes":""},"class_list":["post-6038","page","type-page","status-publish","hentry"],"aioseo_notices":[],"_links":{"self":[{"href":"https:\/\/www.rotulosamichi.com\/index.php\/wp-json\/wp\/v2\/pages\/6038","targetHints":{"allow":["GET"]}}],"collection":[{"href":"https:\/\/www.rotulosamichi.com\/index.php\/wp-json\/wp\/v2\/pages"}],"about":[{"href":"https:\/\/www.rotulosamichi.com\/index.php\/wp-json\/wp\/v2\/types\/page"}],"author":[{"embeddable":true,"href":"https:\/\/www.rotulosamichi.com\/index.php\/wp-json\/wp\/v2\/users\/1"}],"replies":[{"embeddable":true,"href":"https:\/\/www.rotulosamichi.com\/index.php\/wp-json\/wp\/v2\/comments?post=6038"}],"version-history":[{"count":5,"href":"https:\/\/www.rotulosamichi.com\/index.php\/wp-json\/wp\/v2\/pages\/6038\/revisions"}],"predecessor-version":[{"id":6043,"href":"https:\/\/www.rotulosamichi.com\/index.php\/wp-json\/wp\/v2\/pages\/6038\/revisions\/6043"}],"wp:attachment":[{"href":"https:\/\/www.rotulosamichi.com\/index.php\/wp-json\/wp\/v2\/media?parent=6038"}],"curies":[{"name":"wp","href":"https:\/\/api.w.org\/{rel}","templated":true}]}}